{"id":240,"date":"2024-01-11T15:15:13","date_gmt":"2024-01-11T09:45:13","guid":{"rendered":"https:\/\/www.konnectinternational.com\/?page_id=240"},"modified":"2024-02-03T21:12:14","modified_gmt":"2024-02-03T15:42:14","slug":"disclaimer","status":"publish","type":"page","link":"https:\/\/www.konnectinternational.com\/tr\/feragatname\/","title":{"rendered":"Sorumluluk reddi"},"content":{"rendered":"<p><strong>1. Genel Bilgiler<\/strong><\/p>\n\n\n\n<p>Bu Feragatname, Konnect International taraf\u0131ndan sa\u011flanan hizmetleri ve bilgileri kullan\u0131m\u0131n\u0131z\u0131 d\u00fczenler. Hizmetlerimizi kullanarak ve web sitemizdeki bilgilere eri\u015ferek, bu Feragatnamenin \u015fartlar\u0131n\u0131 kabul etmi\u015f ve onaylam\u0131\u015f olursunuz.<\/p>\n\n\n\n<p><strong>2. Yasal veya Profesyonel Tavsiye Yok<\/strong><\/p>\n\n\n\n<p>Konnect International taraf\u0131ndan web sitemizde, ileti\u015fimlerimizde veya hizmetlerimiz arac\u0131l\u0131\u011f\u0131yla sa\u011flanan bilgiler yaln\u0131zca genel bilgilendirme ama\u00e7l\u0131d\u0131r. Yasal, mali veya profesyonel tavsiye olarak tasarlanmam\u0131\u015ft\u0131r ve bu \u015fekilde g\u00fcvenilmemelidir.<\/p>\n\n\n\n<p><strong>3. Do\u011fruluk ve Eksiksizlik<\/strong><\/p>\n\n\n\n<p>Do\u011fru ve g\u00fcncel bilgiler sa\u011flamak i\u00e7in her t\u00fcrl\u00fc \u00e7abay\u0131 g\u00f6stersek de, web sitemizdeki veya ileti\u015fimlerimizdeki i\u00e7eri\u011fin do\u011frulu\u011funu, eksiksizli\u011fini veya zamanlamas\u0131n\u0131 garanti etmiyoruz. Bilgiler \u00f6nceden haber verilmeksizin de\u011fi\u015ftirilebilir.<\/p>\n\n\n\n<p><strong>4. \u00dc\u00e7\u00fcnc\u00fc Taraf \u0130\u00e7eri\u011fi<\/strong><\/p>\n\n\n\n<p>Web sitemiz ve hizmetlerimiz \u00fc\u00e7\u00fcnc\u00fc taraf web sitelerine veya i\u00e7eriklere ba\u011flant\u0131lar i\u00e7erebilir. \u00dc\u00e7\u00fcnc\u00fc taraf i\u00e7eriklerinin do\u011frulu\u011funu veya yasall\u0131\u011f\u0131n\u0131 onaylam\u0131yor, kontrol etmiyor veya sorumluluk alm\u0131yoruz. \u00dc\u00e7\u00fcnc\u00fc taraf web siteleriyle etkile\u015fimleriniz, onlar\u0131n h\u00fck\u00fcm ve ko\u015fullar\u0131na tabidir.<\/p>\n\n\n\n<p><strong>5. Sorumlulu\u011fun S\u0131n\u0131rland\u0131r\u0131lmas\u0131<\/strong><\/p>\n\n\n\n<p>Konnect International ve ba\u011fl\u0131 kurulu\u015flar\u0131, kar, itibar, kullan\u0131m veya veri kayb\u0131 dahil ancak bunlarla s\u0131n\u0131rl\u0131 olmamak \u00fczere, hizmetlerimizi kullanman\u0131zdan veya sa\u011flanan bilgilere g\u00fcvenmenizden kaynaklanan veya bunlarla herhangi bir \u015fekilde ba\u011flant\u0131l\u0131 olan do\u011frudan, dolayl\u0131, tesad\u00fcfi, \u00f6zel veya sonu\u00e7sal zararlardan sorumlu tutulamaz.<\/p>\n\n\n\n<p><strong>6. Onay Yok<\/strong><\/p>\n\n\n\n<p>Web sitemizde herhangi bir belirli \u00fcr\u00fcn, hizmet veya organizasyondan bahsedilmesi, Konnect International taraf\u0131ndan bir onay veya tavsiye te\u015fkil etmez. KonnectInternational.com ve Yazarlar\u0131m\u0131z, web sitemizde belirtilen varl\u0131klarla ba\u011flant\u0131l\u0131 olarak herhangi bir sorumlulu\u011fu kesinlikle reddeder. Bu varl\u0131klarla herhangi bir i\u015flem yapmadan \u00f6nce, \u015fiddetle tavsiye ederiz\u00a0<strong>herhangi bir anla\u015fma yapmadan \u00f6nce tam bir ara\u015ft\u0131rma ve denetim yap\u0131n<\/strong>.<\/p>\n\n\n\n<p><strong>7. Sorumluluk Reddi Beyan\u0131nda De\u011fi\u015fiklikler<\/strong><\/p>\n\n\n\n<p>Bu Feragatnameyi herhangi bir zamanda de\u011fi\u015ftirme veya g\u00fcncelleme hakk\u0131n\u0131 sakl\u0131 tutuyoruz. Bu Feragatnameyi herhangi bir de\u011fi\u015fiklik i\u00e7in periyodik olarak g\u00f6zden ge\u00e7irmek sizin sorumlulu\u011funuzdad\u0131r. Herhangi bir de\u011fi\u015fiklikten sonra hizmetlerimizi kullanmaya devam etmeniz, g\u00fcncellenen Feragatnameyi kabul etti\u011finiz anlam\u0131na gelecektir.<\/p>\n\n\n\n<p><strong>8. Bizimle \u0130leti\u015fime Ge\u00e7in<\/strong><\/p>\n\n\n\n<p>Bu Feragatname ile ilgili sorular\u0131n\u0131z veya endi\u015feleriniz varsa l\u00fctfen <a href=\"https:\/\/www.konnectinternational.com\/tr\/bize-ulasin-2\/\">Bize Ula\u015f\u0131n<\/a>.<\/p>","protected":false},"excerpt":{"rendered":"<p>1. General Information This Disclaimer governs your use of the services and information provided by Konnect International. By using our &#8230; <\/p>\n<p class=\"read-more-container\"><a title=\"Sorumluluk reddi\" class=\"read-more button\" href=\"https:\/\/www.konnectinternational.com\/tr\/feragatname\/#more-240\" aria-label=\"Read more about Disclaimer\">Tam Makale<\/a><\/p>","protected":false},"author":1,"featured_media":0,"parent":0,"menu_order":0,"comment_status":"closed","ping_status":"closed","template":"","meta":{"footnotes":""},"class_list":["post-240","page","type-page","status-publish"],"_links":{"self":[{"href":"https:\/\/www.konnectinternational.com\/tr\/wp-json\/wp\/v2\/pages\/240","targetHints":{"allow":["GET"]}}],"collection":[{"href":"https:\/\/www.konnectinternational.com\/tr\/wp-json\/wp\/v2\/pages"}],"about":[{"href":"https:\/\/www.konnectinternational.com\/tr\/wp-json\/wp\/v2\/types\/page"}],"author":[{"embeddable":true,"href":"https:\/\/www.konnectinternational.com\/tr\/wp-json\/wp\/v2\/users\/1"}],"replies":[{"embeddable":true,"href":"https:\/\/www.konnectinternational.com\/tr\/wp-json\/wp\/v2\/comments?post=240"}],"version-history":[{"count":2,"href":"https:\/\/www.konnectinternational.com\/tr\/wp-json\/wp\/v2\/pages\/240\/revisions"}],"predecessor-version":[{"id":941,"href":"https:\/\/www.konnectinternational.com\/tr\/wp-json\/wp\/v2\/pages\/240\/revisions\/941"}],"wp:attachment":[{"href":"https:\/\/www.konnectinternational.com\/tr\/wp-json\/wp\/v2\/media?parent=240"}],"curies":[{"name":"wp","href":"https:\/\/api.w.org\/{rel}","templated":true}]}}