{"id":225,"date":"2024-01-11T14:57:28","date_gmt":"2024-01-11T09:27:28","guid":{"rendered":"https:\/\/www.konnectinternational.com\/?page_id=225"},"modified":"2024-01-11T15:19:23","modified_gmt":"2024-01-11T09:49:23","slug":"buy-import-export-data","status":"publish","type":"page","link":"https:\/\/www.konnectinternational.com\/tr\/satin-al-ithalat-ihracat-verileri\/","title":{"rendered":"\u0130thalat \u0130hracat Verilerini Sat\u0131n Al"},"content":{"rendered":"<p>Konnect International&#039;\u0131n \u0130thalat ve \u0130hracat Veri Hizmetlerine Ho\u015f Geldiniz!<\/p>\n\n\n\n<p>Uluslararas\u0131 i\u015f stratejilerinizi geli\u015ftirmek i\u00e7in de\u011ferli bilgiler mi ar\u0131yorsunuz? Konnect International, bilin\u00e7li kararlar alman\u0131za, pazar e\u011filimlerini belirlemenize ve yeni f\u0131rsatlar\u0131 ke\u015ffetmenize yard\u0131mc\u0131 olmak i\u00e7in kapsaml\u0131 bir ithalat ve ihracat veri \u00e7\u00f6z\u00fcmleri yelpazesi sunar.<\/p>\n\n\n\n<p><strong>\u0130thalat ve \u0130hracat Veri Hizmetlerimiz<\/strong><\/p>\n\n\n\n<ol class=\"wp-block-list\">\n<li><strong>\u00d6zel Veri Raporlar\u0131<\/strong>:\u0130thalat ve ihracat faaliyetleriniz, \u00fcr\u00fcn kategorileriniz ve pazar analizleriniz hakk\u0131nda detayl\u0131 bilgiler i\u00e7eren, \u00f6zel ihtiya\u00e7lar\u0131n\u0131za g\u00f6re uyarlanm\u0131\u015f, \u00f6zelle\u015ftirilmi\u015f veri raporlar\u0131 sunuyoruz.<\/li>\n\n\n\n<li><strong>Pazar ara\u015ft\u0131rmas\u0131<\/strong>: Derinlemesine pazar ara\u015ft\u0131rma raporlar\u0131m\u0131zla rekabet avantaj\u0131 elde edin. Stratejik kararlar almak i\u00e7in pazar dinamiklerini, talep e\u011filimlerini ve rakip analizlerini anlay\u0131n.<\/li>\n\n\n\n<li><strong>Ticaret \u0130statistikleri<\/strong>:Birden fazla \u00fclke ve sekt\u00f6re ait ithalat ve ihracat hacimleri, tarifeler ve ticaret dengesi verileri de dahil olmak \u00fczere g\u00fcncel ticaret istatistiklerine eri\u015fin.<\/li>\n\n\n\n<li><strong>Tedarik\u00e7i ve Al\u0131c\u0131 \u0130\u00e7g\u00f6r\u00fcleri<\/strong>: D\u00fcnya \u00e7ap\u0131nda potansiyel tedarik\u00e7ileri ve al\u0131c\u0131lar\u0131 belirleyerek de\u011ferli ortakl\u0131klar kurabilir ve i\u015f a\u011f\u0131n\u0131z\u0131 geni\u015fletebilirsiniz.<\/li>\n\n\n\n<li><strong>D\u00fczenleyici Bilgiler<\/strong>: \u00c7e\u015fitli \u00fclkelerin ithalat ve ihracat d\u00fczenlemeleri, tarifeleri ve uyumluluk gereklilikleri hakk\u0131nda bilgi sahibi olun, b\u00f6ylece uluslararas\u0131 ticaret operasyonlar\u0131n\u0131n sorunsuz ve uyumlu olmas\u0131n\u0131 sa\u011flay\u0131n.<\/li>\n<\/ol>\n\n\n\n<p><strong>Neden Konnect International&#039;\u0131n \u0130thalat ve \u0130hracat Veri Hizmetlerini Se\u00e7melisiniz?<\/strong><\/p>\n\n\n\n<ul class=\"wp-block-list\">\n<li><strong>Kesinlik<\/strong>:Verilerimiz, do\u011frulu\u011fu ve g\u00fcvenilirli\u011fi garanti alt\u0131na alan g\u00fcvenilir ve do\u011frulanm\u0131\u015f uluslararas\u0131 ticaret kaynaklar\u0131ndan al\u0131nmaktad\u0131r.<\/li>\n\n\n\n<li><strong>\u00d6zelle\u015ftirme<\/strong>: Belirli i\u015f hedeflerinizi kar\u015f\u0131lamak i\u00e7in \u00f6zel olarak haz\u0131rlanm\u0131\u015f raporlar ve i\u00e7g\u00f6r\u00fcler.<\/li>\n\n\n\n<li><strong>Uzman Analizi<\/strong>:Verilerinizin de\u011ferli analizlerini ve yorumlar\u0131n\u0131 sa\u011flayan uzman ekibimizden yararlan\u0131n.<\/li>\n\n\n\n<li><strong>K\u00fcresel Kapsama<\/strong>:K\u00fcresel i\u015f stratejilerinizi desteklemek i\u00e7in \u00e7e\u015fitli \u00fclkelerden ve sekt\u00f6rlerden verilere eri\u015fin.<\/li>\n\n\n\n<li><strong>Veri G\u00fcvenli\u011fi<\/strong>: Verilerinizin g\u00fcvenli\u011fini ve gizlili\u011fini \u00f6n planda tutuyoruz.<\/li>\n<\/ul>\n\n\n\n<p><strong>Veri Nas\u0131l Sat\u0131n Al\u0131n\u0131r<\/strong><\/p>\n\n\n\n<p>Konnect International&#039;dan ithalat ve ihracat verilerini sat\u0131n almak kolayd\u0131r:<\/p>\n\n\n\n<ol class=\"wp-block-list\">\n<li><strong>Veri Katalo\u011fumuza G\u00f6z At\u0131n<\/strong>: \u0130htiyac\u0131n\u0131z olan \u00f6zel veri k\u00fcmelerini bulmak i\u00e7in veri katalo\u011fumuzu inceleyin.<\/li>\n\n\n\n<li><strong>Teklif \u0130steyin<\/strong>: \u0130htiyac\u0131n\u0131z olan veriler i\u00e7in bir teklif talep etmek \u00fczere bizimle ileti\u015fime ge\u00e7in. Ekibimiz fiyatland\u0131rma ve teslimat ayr\u0131nt\u0131lar\u0131n\u0131 sa\u011flayacakt\u0131r.<\/li>\n\n\n\n<li><strong>G\u00fcvenli \u00d6deme<\/strong>:Teklifi ald\u0131ktan sonra g\u00fcvenli bir \u00f6deme yaparak verilere eri\u015febilirsiniz.<\/li>\n\n\n\n<li><strong>Veri Al<\/strong>: \u00d6demeniz onayland\u0131\u011f\u0131nda, verileriniz tercih etti\u011finiz formatta taraf\u0131n\u0131za iletilecektir.<\/li>\n<\/ol>\n\n\n\n<p><strong>Bize Ula\u015f\u0131n<\/strong><\/p>\n\n\n\n<p>Herhangi bir sorunuz varsa veya ithalat ve ihracat verilerini sat\u0131n alma konusunda yard\u0131ma ihtiyac\u0131n\u0131z varsa, l\u00fctfen [\u0130leti\u015fim Bilgilerini Ekle] adresindeki \u00f6zel ekibimizle ileti\u015fime ge\u00e7mekten \u00e7ekinmeyin. Uluslararas\u0131 i\u015f giri\u015fimlerinizi desteklemek ve ihtiya\u00e7 duydu\u011funuz veri odakl\u0131 i\u00e7g\u00f6r\u00fcleri sa\u011flamak i\u00e7in buraday\u0131z.<\/p>\n\n\n\n<p>Konnect International&#039;\u0131n Veri \u0130thalat ve \u0130hracat Hizmetleri ile bilin\u00e7li kararlar almak ve k\u00fcresel pazarda ba\u015far\u0131l\u0131 olmak i\u00e7in verilerin g\u00fcc\u00fcnden yararlanmaya ba\u015flay\u0131n!<\/p>","protected":false},"excerpt":{"rendered":"<p>Welcome to Konnect International&#8217;s Import and Export Data Services! Are you looking for valuable insights to enhance your international business &#8230; <\/p>\n<p class=\"read-more-container\"><a title=\"\u0130thalat \u0130hracat Verilerini Sat\u0131n Al\" class=\"read-more button\" href=\"https:\/\/www.konnectinternational.com\/tr\/satin-al-ithalat-ihracat-verileri\/#more-225\" aria-label=\"Read more about Buy Import Export Data\">Tam Makale<\/a><\/p>","protected":false},"author":1,"featured_media":0,"parent":0,"menu_order":0,"comment_status":"closed","ping_status":"closed","template":"","meta":{"footnotes":""},"class_list":["post-225","page","type-page","status-publish"],"_links":{"self":[{"href":"https:\/\/www.konnectinternational.com\/tr\/wp-json\/wp\/v2\/pages\/225","targetHints":{"allow":["GET"]}}],"collection":[{"href":"https:\/\/www.konnectinternational.com\/tr\/wp-json\/wp\/v2\/pages"}],"about":[{"href":"https:\/\/www.konnectinternational.com\/tr\/wp-json\/wp\/v2\/types\/page"}],"author":[{"embeddable":true,"href":"https:\/\/www.konnectinternational.com\/tr\/wp-json\/wp\/v2\/users\/1"}],"replies":[{"embeddable":true,"href":"https:\/\/www.konnectinternational.com\/tr\/wp-json\/wp\/v2\/comments?post=225"}],"version-history":[{"count":3,"href":"https:\/\/www.konnectinternational.com\/tr\/wp-json\/wp\/v2\/pages\/225\/revisions"}],"predecessor-version":[{"id":245,"href":"https:\/\/www.konnectinternational.com\/tr\/wp-json\/wp\/v2\/pages\/225\/revisions\/245"}],"wp:attachment":[{"href":"https:\/\/www.konnectinternational.com\/tr\/wp-json\/wp\/v2\/media?parent=225"}],"curies":[{"name":"wp","href":"https:\/\/api.w.org\/{rel}","templated":true}]}}