{"id":198,"date":"2024-01-11T14:18:31","date_gmt":"2024-01-11T08:48:31","guid":{"rendered":"https:\/\/www.konnectinternational.com\/?page_id=198"},"modified":"2024-01-23T14:02:52","modified_gmt":"2024-01-23T08:32:52","slug":"terms-and-conditions","status":"publish","type":"page","link":"https:\/\/www.konnectinternational.com\/tr\/sartlar-ve-kosullar\/","title":{"rendered":"\u015eartlar ve ko\u015fullar"},"content":{"rendered":"<p><strong>Ho\u015f geldiniz\u00a0<a href=\"https:\/\/www.konnectinternational.com\/tr\/\">Ba\u011flant\u0131 Uluslararas\u0131<\/a><\/strong><\/p>\n\n\n\n<p>Bu h\u00fck\u00fcm ve ko\u015fullar, Konnect International Web Sitesinin kullan\u0131m\u0131 i\u00e7in kurallar\u0131 ve d\u00fczenlemeleri ana hatlar\u0131yla belirtir; Konnect International Web Sitesi \u015fu adreste bulunmaktad\u0131r:\u00a0<a href=\"https:\/\/www.konnectinternational.com\/tr\/\">https:\/\/www.konnectinternational.com<\/a>.<\/p>\n\n\n\n<p>Bu web sitesine eri\u015ferek bu h\u00fck\u00fcm ve ko\u015fullar\u0131 kabul etti\u011finizi varsay\u0131yoruz. Bu sayfada belirtilen h\u00fck\u00fcm ve ko\u015fullar\u0131n t\u00fcm\u00fcn\u00fc kabul etmiyorsan\u0131z Konnect International&#039;\u0131 kullanmaya devam etmeyin.<\/p>\n\n\n\n<p>A\u015fa\u011f\u0131daki terminoloji bu \u015eartlar ve Ko\u015fullar, Gizlilik Beyan\u0131 ve Sorumluluk Reddi Bildirimi ve t\u00fcm S\u00f6zle\u015fmeler i\u00e7in ge\u00e7erlidir: \u201c\u0130stemci\u201d, \u201cSiz\u201d ve \u201cSizin\u201d bu web sitesine giri\u015f yapan ve \u015eirketin \u015fart ve ko\u015fullar\u0131na uyan ki\u015fiyi ifade eder. \u201c\u015eirket\u201d, \u201cKendimiz\u201d, \u201cBiz\u201d, \u201cBizim\u201d ve \u201cBize\u201d \u015eirketimizi ifade eder. \u201cTaraf\u201d, \u201cTaraflar\u201d veya \u201cBiz\u201d hem M\u00fc\u015fteriyi hem de kendimizi ifade eder. T\u00fcm terimler, Hollanda&#039;n\u0131n y\u00fcr\u00fcrl\u00fckteki yasalar\u0131na uygun ve tabi olarak, \u015eirketin belirtilen hizmetlerinin sa\u011flanmas\u0131yla ilgili olarak M\u00fc\u015fterinin ihtiya\u00e7lar\u0131n\u0131 kar\u015f\u0131lamak amac\u0131yla M\u00fc\u015fteriye yard\u0131m etme s\u00fcrecini en uygun \u015fekilde \u00fcstlenmek i\u00e7in gerekli olan teklif, kabul ve \u00f6deme de\u011ferlendirmesini ifade eder. Yukar\u0131daki terminolojinin veya tekil, \u00e7o\u011ful, b\u00fcy\u00fck harfle ve\/veya o\/o veya onlar bi\u00e7imindeki di\u011fer kelimelerin herhangi bir kullan\u0131m\u0131 birbirinin yerine kullan\u0131labilir ve bu nedenle ayn\u0131 \u015feyi ifade ediyor olarak kabul edilir.<\/p>\n\n\n\n<h3 class=\"wp-block-heading\"><strong>\u00c7erezler<\/strong><\/h3>\n\n\n\n<p>\u00c7erez kullan\u0131m\u0131n\u0131 kullan\u0131yoruz. Konnect International&#039;a eri\u015ferek, Konnect International Gizlilik Politikas\u0131 uyar\u0131nca \u00e7erez kullan\u0131m\u0131n\u0131 kabul etmi\u015f olursunuz.<\/p>\n\n\n\n<p>\u00c7o\u011fu etkile\u015fimli web sitesi, her ziyaret i\u00e7in kullan\u0131c\u0131n\u0131n ayr\u0131nt\u0131lar\u0131n\u0131 almam\u0131z\u0131 sa\u011flamak i\u00e7in \u00e7erezler kullan\u0131r. \u00c7erezler, web sitemiz taraf\u0131ndan, web sitemizi ziyaret eden ki\u015filerin i\u015fini kolayla\u015ft\u0131rmak i\u00e7in belirli alanlar\u0131n i\u015flevselli\u011fini etkinle\u015ftirmek i\u00e7in kullan\u0131l\u0131r. Baz\u0131 i\u015ftirak\/reklam ortaklar\u0131m\u0131z da \u00e7erez kullanabilir.<\/p>\n\n\n\n<h3 class=\"wp-block-heading\"><strong>Lisans<\/strong><\/h3>\n\n\n\n<p>Aksi belirtilmedi\u011fi s\u00fcrece, Konnect International ve\/veya lisans verenleri, Konnect International&#039;daki t\u00fcm materyallerin fikri m\u00fclkiyet haklar\u0131na sahiptir. T\u00fcm fikri m\u00fclkiyet haklar\u0131 sakl\u0131d\u0131r. Bu i\u00e7eri\u011fe, bu h\u00fck\u00fcm ve ko\u015fullarda belirtilen k\u0131s\u0131tlamalara tabi olarak, kendi ki\u015fisel kullan\u0131m\u0131n\u0131z i\u00e7in Konnect International&#039;dan eri\u015febilirsiniz.<\/p>\n\n\n\n<p>\u015eunlar\u0131 yapmamal\u0131s\u0131n\u0131z:<\/p>\n\n\n\n<ul class=\"wp-block-list\">\n<li>Konnect International&#039;dan materyali yeniden yay\u0131nlay\u0131n<\/li>\n\n\n\n<li>Konnect International&#039;dan materyal sat\u0131n, kiralay\u0131n veya alt lisanslay\u0131n<\/li>\n\n\n\n<li>Konnect International&#039;dan materyalleri \u00e7o\u011falt\u0131n, kopyalay\u0131n veya kopyalay\u0131n<\/li>\n\n\n\n<li>Konnect International&#039;dan i\u00e7eri\u011fi yeniden da\u011f\u0131t\u0131n<\/li>\n<\/ul>\n\n\n\n<p>Bu S\u00f6zle\u015fme, bu tarihten itibaren y\u00fcr\u00fcrl\u00fc\u011fe girecektir.<\/p>\n\n\n\n<p>Bu web sitesinin baz\u0131 b\u00f6l\u00fcmleri, kullan\u0131c\u0131lar\u0131n web sitesinin belirli alanlar\u0131nda g\u00f6r\u00fc\u015f ve bilgi yay\u0131nlamalar\u0131 ve al\u0131\u015fveri\u015finde bulunmalar\u0131 i\u00e7in bir f\u0131rsat sunmaktad\u0131r. Konnect International, Yorumlar\u0131 web sitesinde yay\u0131nlanmadan \u00f6nce filtrelemez, d\u00fczenlemez, yay\u0131nlamaz veya incelemez. Yorumlar, Konnect International&#039;\u0131n, temsilcilerinin ve\/veya ba\u011fl\u0131 kurulu\u015flar\u0131n\u0131n g\u00f6r\u00fc\u015flerini ve fikirlerini yans\u0131tmaz. Yorumlar, g\u00f6r\u00fc\u015flerini ve fikirlerini yay\u0131nlayan ki\u015finin g\u00f6r\u00fc\u015flerini ve fikirlerini yans\u0131t\u0131r. Uygulanabilir yasalar\u0131n izin verdi\u011fi \u00f6l\u00e7\u00fcde, Konnect International, Yorumlardan veya bu web sitesinde Yorumlar\u0131n herhangi bir \u015fekilde kullan\u0131lmas\u0131 ve\/veya yay\u0131nlanmas\u0131 ve\/veya g\u00f6r\u00fcnmesi sonucunda olu\u015fan ve\/veya maruz kal\u0131nan herhangi bir y\u00fck\u00fcml\u00fcl\u00fck, hasar veya masraftan sorumlu olmayacakt\u0131r.<\/p>\n\n\n\n<p>Konnect International, t\u00fcm Yorumlar\u0131 izleme ve uygunsuz, sald\u0131rgan oldu\u011fu d\u00fc\u015f\u00fcn\u00fclen veya bu \u015eartlar ve Ko\u015fullar&#039;\u0131 ihlal eden Yorumlar\u0131 kald\u0131rma hakk\u0131n\u0131 sakl\u0131 tutar.<\/p>\n\n\n\n<p>\u015eunlar\u0131 garanti ve beyan edersiniz:<\/p>\n\n\n\n<ul class=\"wp-block-list\">\n<li>Yorumlar\u0131 web sitemize g\u00f6nderme hakk\u0131na sahipsiniz ve bunu yapmak i\u00e7in gerekli t\u00fcm lisanslara ve izinlere sahipsiniz;<\/li>\n\n\n\n<li>Yorumlar, herhangi bir \u00fc\u00e7\u00fcnc\u00fc \u015fahs\u0131n telif hakk\u0131, patenti veya ticari markas\u0131 dahil ancak bunlarla s\u0131n\u0131rl\u0131 olmamak \u00fczere hi\u00e7bir fikri m\u00fclkiyet hakk\u0131n\u0131 ihlal etmemektedir;<\/li>\n\n\n\n<li>Yorumlar, gizlili\u011fin ihlali niteli\u011finde olan herhangi bir hakaret, iftira, sald\u0131rganl\u0131k, ahlaks\u0131zl\u0131k veya ba\u015fka bir \u015fekilde yasa d\u0131\u015f\u0131 materyal i\u00e7ermemektedir.<\/li>\n\n\n\n<li>Yorumlar, ticari veya gelenekleri te\u015fvik etmek veya ticari faaliyetleri veya hukuka ayk\u0131r\u0131 faaliyetleri tan\u0131tmak amac\u0131yla kullan\u0131lmayacakt\u0131r.<\/li>\n<\/ul>\n\n\n\n<p>Bu vesileyle, Konnect International&#039;a, Yorumlar\u0131n\u0131zdan herhangi birini her t\u00fcrl\u00fc bi\u00e7im, format veya medyada kullanma, \u00e7o\u011faltma, d\u00fczenleme ve ba\u015fkalar\u0131n\u0131n kullanmas\u0131na, \u00e7o\u011faltmas\u0131na ve d\u00fczenlemesine izin verme konusunda m\u00fcnhas\u0131r olmayan bir lisans vermi\u015f olursunuz.<\/p>\n\n\n\n<h3 class=\"wp-block-heading\"><strong>\u0130\u00e7eri\u011fimize Hiper Ba\u011flant\u0131<\/strong><\/h3>\n\n\n\n<p>A\u015fa\u011f\u0131daki kurulu\u015flar \u00f6nceden yaz\u0131l\u0131 onay almaks\u0131z\u0131n Web Sitemize ba\u011flant\u0131 verebilir:<\/p>\n\n\n\n<ul class=\"wp-block-list\">\n<li>Devlet kurumlar\u0131;<\/li>\n\n\n\n<li>Arama motorlar\u0131;<\/li>\n\n\n\n<li>Haber kurulu\u015flar\u0131;<\/li>\n\n\n\n<li>\u00c7evrimi\u00e7i dizin da\u011f\u0131t\u0131mc\u0131lar\u0131, di\u011fer listelenen i\u015fletmelerin Web Sitelerine k\u00f6pr\u00fc metni olu\u015fturduklar\u0131 \u015fekilde Web Sitemize k\u00f6pr\u00fc metni olu\u015fturabilirler; ve<\/li>\n\n\n\n<li>Web sitemize ba\u011flant\u0131 veremeyen kar amac\u0131 g\u00fctmeyen kurulu\u015flar, yard\u0131m ama\u00e7l\u0131 al\u0131\u015fveri\u015f merkezleri ve yard\u0131m ama\u00e7l\u0131 ba\u011f\u0131\u015f toplama gruplar\u0131 hari\u00e7 olmak \u00fczere, sistem genelinde akredite edilmi\u015f i\u015fletmeler.<\/li>\n<\/ul>\n\n\n\n<p>Bu kurulu\u015flar, ba\u011flant\u0131n\u0131n: (a) hi\u00e7bir \u015fekilde aldat\u0131c\u0131 olmamas\u0131; (b) ba\u011flant\u0131 veren taraf\u0131n ve \u00fcr\u00fcn ve\/veya hizmetlerinin sponsorlu\u011funu, onay\u0131n\u0131 veya tasdi\u011fini yanl\u0131\u015f bir \u015fekilde ima etmemesi; ve (c) ba\u011flant\u0131 veren taraf\u0131n sitesinin ba\u011flam\u0131na uymas\u0131 ko\u015fuluyla ana sayfam\u0131za, yay\u0131nlara veya di\u011fer Web Sitesi bilgilerine ba\u011flant\u0131 verebilir.<\/p>\n\n\n\n<p>A\u015fa\u011f\u0131daki t\u00fcrden kurulu\u015flardan gelen di\u011fer ba\u011flant\u0131 isteklerini de\u011ferlendirebilir ve onaylayabiliriz:<\/p>\n\n\n\n<ul class=\"wp-block-list\">\n<li>yayg\u0131n olarak bilinen t\u00fcketici ve\/veya i\u015fletme bilgi kaynaklar\u0131;<\/li>\n\n\n\n<li>dot.com topluluk siteleri;<\/li>\n\n\n\n<li>hay\u0131r kurumlar\u0131n\u0131 temsil eden dernekler veya di\u011fer gruplar;<\/li>\n\n\n\n<li>\u00e7evrimi\u00e7i dizin da\u011f\u0131t\u0131mc\u0131lar\u0131;<\/li>\n\n\n\n<li>\u0130nternet portallar\u0131;<\/li>\n\n\n\n<li>muhasebe, hukuk ve dan\u0131\u015fmanl\u0131k firmalar\u0131; ve<\/li>\n\n\n\n<li>e\u011fitim kurumlar\u0131 ve ticaret birlikleri.<\/li>\n<\/ul>\n\n\n\n<p>(a) ba\u011flant\u0131n\u0131n bizi kendimiz veya akredite i\u015fletmelerimiz a\u00e7\u0131s\u0131ndan olumsuz bir duruma d\u00fc\u015f\u00fcrmeyece\u011fine; (b) kurulu\u015fun bizde herhangi bir olumsuz kayd\u0131n\u0131n bulunmad\u0131\u011f\u0131na; (c) k\u00f6pr\u00fc metninin g\u00f6r\u00fcn\u00fcrl\u00fc\u011f\u00fcnden elde etti\u011fimiz faydan\u0131n Konnect International&#039;\u0131n yoklu\u011funu telafi edece\u011fine ve (d) ba\u011flant\u0131n\u0131n genel kaynak bilgileri ba\u011flam\u0131nda oldu\u011funa karar verirsek bu kurulu\u015flardan gelen ba\u011flant\u0131 isteklerini onaylayaca\u011f\u0131z.<\/p>\n\n\n\n<p>Bu kurulu\u015flar, a\u015fa\u011f\u0131daki ko\u015fullar sa\u011fland\u0131\u011f\u0131 takdirde ana sayfam\u0131za ba\u011flant\u0131 verebilirler: (a) ba\u011flant\u0131 hi\u00e7bir \u015fekilde aldat\u0131c\u0131 olmamal\u0131d\u0131r; (b) ba\u011flant\u0131 veren taraf\u0131n ve \u00fcr\u00fcn veya hizmetlerinin sponsorlu\u011funu, onay\u0131n\u0131 veya tasdi\u011fini yanl\u0131\u015f bir \u015fekilde ima etmemelidir; ve (c) ba\u011flant\u0131 veren taraf\u0131n sitesinin ba\u011flam\u0131na uymal\u0131d\u0131r.<\/p>\n\n\n\n<p>Yukar\u0131daki 2. paragrafta listelenen kurulu\u015flardan biriyseniz ve web sitemize ba\u011flant\u0131 vermek istiyorsan\u0131z, Konnect International&#039;a bir e-posta g\u00f6ndererek bizi bilgilendirmelisiniz. L\u00fctfen ad\u0131n\u0131z\u0131, kurulu\u015funuzun ad\u0131n\u0131, ileti\u015fim bilgilerinizi ve sitenizin URL&#039;sini, Web Sitemize ba\u011flant\u0131 vermek istedi\u011finiz URL&#039;lerin bir listesini ve sitemizde ba\u011flant\u0131 vermek istedi\u011finiz URL&#039;lerin bir listesini ekleyin. Bir yan\u0131t i\u00e7in 2-3 hafta bekleyin.<\/p>\n\n\n\n<p>Onaylanm\u0131\u015f kurulu\u015flar Web Sitemize a\u015fa\u011f\u0131daki \u015fekilde ba\u011flant\u0131 verebilir:<\/p>\n\n\n\n<ul class=\"wp-block-list\">\n<li>\u015eirket ad\u0131m\u0131z\u0131 kullanarak; veya<\/li>\n\n\n\n<li>Ba\u011flant\u0131 kurulan tekd\u00fcze kaynak bulucunun kullan\u0131lmas\u0131yla; veya<\/li>\n\n\n\n<li>Ba\u011flant\u0131 verilen Web Sitemizin, ba\u011flant\u0131 veren taraf\u0131n sitesindeki i\u00e7erik ba\u011flam\u0131 ve bi\u00e7imine uygun ba\u015fka bir a\u00e7\u0131klamas\u0131n\u0131n kullan\u0131lmas\u0131.<\/li>\n<\/ul>\n\n\n\n<p>Ticari marka lisans s\u00f6zle\u015fmesi olmadan Konnect International logosunun veya di\u011fer g\u00f6rsellerin ba\u011flant\u0131 amac\u0131yla kullan\u0131lmas\u0131na izin verilmeyecektir.<\/p>\n\n\n\n<h3 class=\"wp-block-heading\"><strong>iFrame&#039;ler<\/strong><\/h3>\n\n\n\n<p>\u00d6nceden onay ve yaz\u0131l\u0131 izin al\u0131nmadan, Web Sayfalar\u0131m\u0131z\u0131n g\u00f6rsel sunumunu veya g\u00f6r\u00fcn\u00fcm\u00fcn\u00fc herhangi bir \u015fekilde de\u011fi\u015ftiren \u00e7er\u00e7eveler olu\u015fturamazs\u0131n\u0131z.<\/p>\n\n\n\n<h3 class=\"wp-block-heading\"><strong>\u0130\u00e7erik Sorumlulu\u011fu<\/strong><\/h3>\n\n\n\n<p>Web Sitenizde g\u00f6r\u00fcnen hi\u00e7bir i\u00e7erikten sorumlu tutulamay\u0131z. Web Sitenizde ortaya \u00e7\u0131kan t\u00fcm iddialara kar\u015f\u0131 bizi korumay\u0131 ve savunmay\u0131 kabul edersiniz. Herhangi bir Web Sitesinde iftira niteli\u011finde, m\u00fcstehcen veya su\u00e7 te\u015fkil edebilecek veya herhangi bir \u00fc\u00e7\u00fcnc\u00fc taraf hakk\u0131n\u0131 ihlal eden, ba\u015fka \u015fekilde ihlal eden veya ihlali veya ba\u015fka bir ihlali savunan hi\u00e7bir ba\u011flant\u0131 g\u00f6r\u00fcnmemelidir.<\/p>\n\n\n\n<h3 class=\"wp-block-heading\"><strong>Gizlili\u011finiz<\/strong><\/h3>\n\n\n\n<p>L\u00fctfen okuyun <a href=\"https:\/\/www.konnectinternational.com\/tr\/gizlilik-politikasi\/\" data-type=\"page\" data-id=\"3\">Gizlilik Politikas\u0131<\/a><\/p>\n\n\n\n<h3 class=\"wp-block-heading\"><strong>Haklar\u0131n Sakl\u0131 Tutulmas\u0131<\/strong><\/h3>\n\n\n\n<p>Web Sitemize olan t\u00fcm ba\u011flant\u0131lar\u0131 veya belirli bir ba\u011flant\u0131y\u0131 kald\u0131rman\u0131z\u0131 talep etme hakk\u0131m\u0131z\u0131 sakl\u0131 tutuyoruz. Talep \u00fczerine Web Sitemize olan t\u00fcm ba\u011flant\u0131lar\u0131 derhal kald\u0131rmay\u0131 onayl\u0131yorsunuz. Ayr\u0131ca bu h\u00fck\u00fcm ve ko\u015fullar\u0131 ve ba\u011flant\u0131 politikas\u0131n\u0131 herhangi bir zamanda de\u011fi\u015ftirme hakk\u0131n\u0131 da sakl\u0131 tutuyoruz. Web Sitemize s\u00fcrekli olarak ba\u011flant\u0131 vererek, bu ba\u011flant\u0131 h\u00fck\u00fcm ve ko\u015fullar\u0131na ba\u011fl\u0131 kalmay\u0131 ve bunlar\u0131 takip etmeyi kabul ediyorsunuz.<\/p>\n\n\n\n<h3 class=\"wp-block-heading\"><strong>Web sitemizden ba\u011flant\u0131lar\u0131n kald\u0131r\u0131lmas\u0131<\/strong><\/h3>\n\n\n\n<p>Web sitemizde herhangi bir nedenle rahats\u0131z edici bir ba\u011flant\u0131 bulursan\u0131z, istedi\u011finiz zaman bizimle ileti\u015fime ge\u00e7ip durumu bildirebilirsiniz. Ba\u011flant\u0131lar\u0131 kald\u0131rma taleplerinizi de\u011ferlendirece\u011fiz ancak bunu yapmak veya size do\u011frudan yan\u0131t vermek zorunda de\u011filiz.<\/p>\n\n\n\n<p>Bu web sitesinde yer alan bilgilerin do\u011fru oldu\u011funu garanti etmiyoruz, eksiksizli\u011fini veya do\u011frulu\u011funu garanti etmiyoruz; ayr\u0131ca web sitesinin eri\u015filebilirli\u011fini veya web sitesinde yer alan materyalin g\u00fcncel tutulmas\u0131n\u0131 sa\u011flama s\u00f6z\u00fc vermiyoruz.<\/p>\n\n\n\n<h3 class=\"wp-block-heading\"><strong>Sorumluluk reddi<\/strong><\/h3>\n\n\n\n<p>Uygulanabilir yasan\u0131n izin verdi\u011fi azami \u00f6l\u00e7\u00fcde, web sitemiz ve bu web sitesinin kullan\u0131m\u0131yla ilgili t\u00fcm beyanlar\u0131, garantileri ve ko\u015fullar\u0131 hari\u00e7 tutuyoruz. Bu feragatnamedeki hi\u00e7bir \u015fey:<\/p>\n\n\n\n<ul class=\"wp-block-list\">\n<li>\u00f6l\u00fcm veya ki\u015fisel yaralanma durumunda bizim veya sizin sorumlulu\u011funuzu s\u0131n\u0131rlamak veya hari\u00e7 tutmak;<\/li>\n\n\n\n<li>doland\u0131r\u0131c\u0131l\u0131k veya hileli yanl\u0131\u015f beyan nedeniyle bizim veya sizin sorumlulu\u011funuzu s\u0131n\u0131rlamak veya hari\u00e7 tutmak;<\/li>\n\n\n\n<li>y\u00fcr\u00fcrl\u00fckteki yasalar uyar\u0131nca izin verilmeyen herhangi bir \u015fekilde bizim veya sizin y\u00fck\u00fcml\u00fcl\u00fcklerinizi s\u0131n\u0131rlamak; veya<\/li>\n\n\n\n<li>y\u00fcr\u00fcrl\u00fckteki yasa kapsam\u0131nda hari\u00e7 tutulamayacak y\u00fck\u00fcml\u00fcl\u00fcklerimizden herhangi birini veya sizin y\u00fck\u00fcml\u00fcl\u00fcklerinizi hari\u00e7 tutamay\u0131z.<\/li>\n<\/ul>\n\n\n\n<p>Bu B\u00f6l\u00fcmde ve bu feragatnamenin ba\u015fka yerlerinde belirtilen sorumluluk s\u0131n\u0131rlamalar\u0131 ve yasaklar\u0131: (a) \u00f6nceki paragrafa tabidir; ve (b) s\u00f6zle\u015fmeden, haks\u0131z fiilden ve yasal g\u00f6revin ihlalinden kaynaklanan sorumluluklar dahil olmak \u00fczere, feragatname kapsam\u0131nda ortaya \u00e7\u0131kan t\u00fcm sorumluluklar\u0131 d\u00fczenler.<\/p>\n\n\n\n<p>Web sitesi ve web sitesinde yer alan bilgi ve hizmetler \u00fccretsiz olarak sunuldu\u011fu s\u00fcrece, herhangi bir nitelikteki kay\u0131p veya hasardan sorumlu olmayaca\u011f\u0131z.<\/p>\n\n\n\n<h2 class=\"wp-block-heading\">Bize Ula\u015f\u0131n<\/h2>\n\n\n\n<p>\u015eartlar ve Ko\u015fullar\u0131m\u0131z hakk\u0131nda herhangi bir sorunuz veya \u00f6neriniz varsa, l\u00fctfen bizimle ileti\u015fime ge\u00e7mekten \u00e7ekinmeyin.\u00a0<a href=\"https:\/\/www.konnectinternational.com\/tr\/bize-ulasin-2\/\">bize Ula\u015f\u0131n<\/a>.<\/p>","protected":false},"excerpt":{"rendered":"<p>Welcome to\u00a0Konnect International These terms and conditions outline the rules and regulations for the use of Konnect International Website, located &#8230; <\/p>\n<p class=\"read-more-container\"><a title=\"\u015eartlar ve ko\u015fullar\" class=\"read-more button\" href=\"https:\/\/www.konnectinternational.com\/tr\/sartlar-ve-kosullar\/#more-198\" aria-label=\"Read more about Terms and Conditions\">Tam Makale<\/a><\/p>","protected":false},"author":1,"featured_media":0,"parent":0,"menu_order":0,"comment_status":"closed","ping_status":"closed","template":"","meta":{"footnotes":""},"class_list":["post-198","page","type-page","status-publish"],"_links":{"self":[{"href":"https:\/\/www.konnectinternational.com\/tr\/wp-json\/wp\/v2\/pages\/198","targetHints":{"allow":["GET"]}}],"collection":[{"href":"https:\/\/www.konnectinternational.com\/tr\/wp-json\/wp\/v2\/pages"}],"about":[{"href":"https:\/\/www.konnectinternational.com\/tr\/wp-json\/wp\/v2\/types\/page"}],"author":[{"embeddable":true,"href":"https:\/\/www.konnectinternational.com\/tr\/wp-json\/wp\/v2\/users\/1"}],"replies":[{"embeddable":true,"href":"https:\/\/www.konnectinternational.com\/tr\/wp-json\/wp\/v2\/comments?post=198"}],"version-history":[{"count":5,"href":"https:\/\/www.konnectinternational.com\/tr\/wp-json\/wp\/v2\/pages\/198\/revisions"}],"predecessor-version":[{"id":774,"href":"https:\/\/www.konnectinternational.com\/tr\/wp-json\/wp\/v2\/pages\/198\/revisions\/774"}],"wp:attachment":[{"href":"https:\/\/www.konnectinternational.com\/tr\/wp-json\/wp\/v2\/media?parent=198"}],"curies":[{"name":"wp","href":"https:\/\/api.w.org\/{rel}","templated":true}]}}