{"id":34,"date":"2024-01-08T23:40:53","date_gmt":"2024-01-08T18:10:53","guid":{"rendered":"https:\/\/gpsites.co\/marketer\/?page_id=34"},"modified":"2024-01-11T15:06:36","modified_gmt":"2024-01-11T09:36:36","slug":"about-us","status":"publish","type":"page","link":"https:\/\/www.konnectinternational.com\/sv\/om-oss\/","title":{"rendered":"Om oss"},"content":{"rendered":"<p>P\u00e5 <strong>Konnect International<\/strong>, vi \u00e4r dedikerade till att \u00f6verbrygga klyftorna och bygga f\u00f6rbindelser som betyder n\u00e5got. Vi \u00e4r ett dynamiskt och innovativt globalt f\u00f6retag som specialiserat sig p\u00e5 att underl\u00e4tta internationella samarbeten, partnerskap och aff\u00e4rssatsningar.<\/p>\n\n\n\n<p><strong>V\u00e5rt uppdrag<\/strong> V\u00e5rt uppdrag \u00e4r att ge organisationer, entrepren\u00f6rer och individer m\u00f6jlighet att vidga sina vyer, utforska nya m\u00f6jligheter och fr\u00e4mja meningsfulla relationer \u00f6ver gr\u00e4nserna. Vi tror att v\u00e4rlden \u00e4r sammankopplad, och genom att f\u00f6ra m\u00e4nniskor och f\u00f6retag samman kan vi skapa en ljusare och mer v\u00e4lm\u00e5ende framtid.<\/p>\n\n\n\n<p><strong>Vad skiljer oss \u00e5t<\/strong><\/p>\n\n\n\n<ul class=\"wp-block-list\">\n<li><strong>Global r\u00e4ckvidd<\/strong>: Med n\u00e4rvaro i \u00f6ver 50 l\u00e4nder till\u00e5ter v\u00e5rt omfattande globala n\u00e4tverk oss att tillhandah\u00e5lla skr\u00e4ddarsydda l\u00f6sningar f\u00f6r att m\u00f6ta dina unika behov, oavsett var du befinner dig.<\/li>\n\n\n\n<li><strong>Expertis<\/strong>: V\u00e5rt team best\u00e5r av erfarna proffs med en djup f\u00f6rst\u00e5else f\u00f6r internationella marknader, regelverk och kulturella nyanser. Vi erbjuder expertv\u00e4gledning och support vid varje steg p\u00e5 din internationella resa.<\/li>\n\n\n\n<li><strong>Innovation<\/strong>: Vi anammar de senaste teknologierna och strategierna f\u00f6r att s\u00e4kerst\u00e4lla att du ligger f\u00f6re i ett snabbt f\u00f6r\u00e4nderligt globalt landskap. V\u00e5ra innovativa l\u00f6sningar \u00e4r designade f\u00f6r att maximera din potential.<\/li>\n<\/ul>\n\n\n\n<p><strong>V\u00e5ra tj\u00e4nster<\/strong><\/p>\n\n\n\n<ul class=\"wp-block-list\">\n<li><strong>Aff\u00e4rsutveckling<\/strong>: Vi hj\u00e4lper dig att identifiera och ut\u00f6va nya aff\u00e4rsm\u00f6jligheter, oavsett om det handlar om att expandera till tillv\u00e4xtmarknader, hitta strategiska partners eller lansera nya satsningar.<\/li>\n\n\n\n<li><strong>Marknadsintr\u00e4de<\/strong>: Att navigera p\u00e5 obekanta marknader kan vara utmanande. Vi tillhandah\u00e5ller marknadsunders\u00f6kningar, marknadsintr\u00e4desstrategier och regulatoriskt st\u00f6d f\u00f6r att hj\u00e4lpa dig att lyckas.<\/li>\n\n\n\n<li><strong>Handel och investeringar<\/strong>: Vi underl\u00e4ttar handels- och investeringsaff\u00e4rer, kopplar samman k\u00f6pare och s\u00e4ljare, investerare och entrepren\u00f6rer, f\u00f6r att skapa win-win-partnerskap.<\/li>\n\n\n\n<li><strong>N\u00e4tverk och evenemang<\/strong>: V\u00e5ra globala evenemang och n\u00e4tverksplattformar ger m\u00f6jligheter att f\u00e5 kontakt med viktiga intressenter, dela id\u00e9er och bygga relationer.<\/li>\n<\/ul>\n\n\n\n<p><strong>V\u00e5rt engagemang<\/strong> P\u00e5 Konnect International \u00e4r vi engagerade i transparens, integritet och att leverera resultat. Vi m\u00e4ter v\u00e5r framg\u00e5ng med framg\u00e5ngen f\u00f6r v\u00e5ra kunder och partners. Dina m\u00e5l blir v\u00e5ra m\u00e5l och vi arbetar outtr\u00f6ttligt f\u00f6r att hj\u00e4lpa dig att uppn\u00e5 dem.<\/p>\n\n\n\n<p>F\u00f6lj med oss p\u00e5 resan f\u00f6r att ansluta v\u00e4rlden, ett partnerskap i taget. Tillsammans kan vi forma en framtid med o\u00e4ndliga m\u00f6jligheter.<\/p>\n\n\n\n<p>F\u00f6r fr\u00e5gor eller f\u00f6r att utforska hur vi kan hj\u00e4lpa dig, v\u00e4nligen kontakta oss idag.<\/p>","protected":false},"excerpt":{"rendered":"<p>At Konnect International, we are dedicated to bridging the gaps and building connections that matter. We are a dynamic and &#8230; <\/p>\n<p class=\"read-more-container\"><a title=\"Om oss\" class=\"read-more button\" href=\"https:\/\/www.konnectinternational.com\/sv\/om-oss\/#more-34\" aria-label=\"L\u00e4s mer om About Us\">Hela artikeln<\/a><\/p>","protected":false},"author":1,"featured_media":0,"parent":0,"menu_order":0,"comment_status":"closed","ping_status":"closed","template":"","meta":{"footnotes":""},"class_list":["post-34","page","type-page","status-publish"],"_links":{"self":[{"href":"https:\/\/www.konnectinternational.com\/sv\/wp-json\/wp\/v2\/pages\/34","targetHints":{"allow":["GET"]}}],"collection":[{"href":"https:\/\/www.konnectinternational.com\/sv\/wp-json\/wp\/v2\/pages"}],"about":[{"href":"https:\/\/www.konnectinternational.com\/sv\/wp-json\/wp\/v2\/types\/page"}],"author":[{"embeddable":true,"href":"https:\/\/www.konnectinternational.com\/sv\/wp-json\/wp\/v2\/users\/1"}],"replies":[{"embeddable":true,"href":"https:\/\/www.konnectinternational.com\/sv\/wp-json\/wp\/v2\/comments?post=34"}],"version-history":[{"count":3,"href":"https:\/\/www.konnectinternational.com\/sv\/wp-json\/wp\/v2\/pages\/34\/revisions"}],"predecessor-version":[{"id":234,"href":"https:\/\/www.konnectinternational.com\/sv\/wp-json\/wp\/v2\/pages\/34\/revisions\/234"}],"wp:attachment":[{"href":"https:\/\/www.konnectinternational.com\/sv\/wp-json\/wp\/v2\/media?parent=34"}],"curies":[{"name":"wp","href":"https:\/\/api.w.org\/{rel}","templated":true}]}}