{"id":240,"date":"2024-01-11T15:15:13","date_gmt":"2024-01-11T09:45:13","guid":{"rendered":"https:\/\/www.konnectinternational.com\/?page_id=240"},"modified":"2024-02-03T21:12:14","modified_gmt":"2024-02-03T15:42:14","slug":"disclaimer","status":"publish","type":"page","link":"https:\/\/www.konnectinternational.com\/sv\/ansvarsfriskrivning\/","title":{"rendered":"Ansvarsfriskrivning"},"content":{"rendered":"<p><strong>1. Allm\u00e4n information<\/strong><\/p>\n\n\n\n<p>Denna ansvarsfriskrivning reglerar din anv\u00e4ndning av tj\u00e4nsterna och informationen som tillhandah\u00e5lls av Konnect International. Genom att anv\u00e4nda v\u00e5ra tj\u00e4nster och f\u00e5 tillg\u00e5ng till informationen p\u00e5 v\u00e5r webbplats godk\u00e4nner och godk\u00e4nner du villkoren i denna ansvarsfriskrivning.<\/p>\n\n\n\n<p><strong>2. Inga juridiska eller professionella r\u00e5d<\/strong><\/p>\n\n\n\n<p>Informationen som tillhandah\u00e5lls av Konnect International, oavsett om den \u00e4r p\u00e5 v\u00e5r webbplats, i kommunikation eller via v\u00e5ra tj\u00e4nster, \u00e4r endast avsedd f\u00f6r allm\u00e4nna informations\u00e4ndam\u00e5l. Den \u00e4r inte avsedd som juridisk, finansiell eller professionell r\u00e5dgivning och b\u00f6r inte f\u00f6rlitas p\u00e5 som s\u00e5dan.<\/p>\n\n\n\n<p><strong>3. Noggrannhet och fullst\u00e4ndighet<\/strong><\/p>\n\n\n\n<p>\u00c4ven om vi g\u00f6r allt f\u00f6r att tillhandah\u00e5lla korrekt och uppdaterad information, garanterar vi inte riktigheten, fullst\u00e4ndigheten eller aktualiteten f\u00f6r inneh\u00e5llet p\u00e5 v\u00e5r webbplats eller i v\u00e5r kommunikation. Informationen kan komma att \u00e4ndras utan f\u00f6reg\u00e5ende meddelande.<\/p>\n\n\n\n<p><strong>4. Inneh\u00e5ll fr\u00e5n tredje part<\/strong><\/p>\n\n\n\n<p>V\u00e5r webbplats och tj\u00e4nster kan inneh\u00e5lla l\u00e4nkar till tredje parts webbplatser eller inneh\u00e5ll. Vi st\u00f6der, kontrollerar eller tar inte ansvar f\u00f6r riktigheten eller lagligheten av inneh\u00e5ll fr\u00e5n tredje part. Din interaktion med tredje parts webbplatser \u00e4r f\u00f6rem\u00e5l f\u00f6r deras villkor.<\/p>\n\n\n\n<p><strong>5. Ansvarsbegr\u00e4nsning<\/strong><\/p>\n\n\n\n<p>Konnect International och dess dotterbolag ska inte h\u00e5llas ansvariga f\u00f6r n\u00e5gra direkta, indirekta, of\u00f6rutsedda, speciella eller f\u00f6ljdskador som uppst\u00e5r till f\u00f6ljd av eller p\u00e5 n\u00e5got s\u00e4tt kopplat till din anv\u00e4ndning av v\u00e5ra tj\u00e4nster eller tillit till den tillhandah\u00e5llna informationen, inklusive men inte begr\u00e4nsat till skador f\u00f6r f\u00f6rlust av vinst, goodwill, anv\u00e4ndning eller data.<\/p>\n\n\n\n<p><strong>6. Ingen rekommendation<\/strong><\/p>\n\n\n\n<p>Omn\u00e4mnandet av n\u00e5gon specifik produkt, tj\u00e4nst eller organisation p\u00e5 v\u00e5r webbplats utg\u00f6r inte ett st\u00f6d eller rekommendation fr\u00e5n Konnect International. KonnectInternational.com och v\u00e5ra f\u00f6rfattare fr\u00e5ns\u00e4ger sig starkt allt ansvar i samband med de enheter som n\u00e4mns p\u00e5 v\u00e5r webbplats. Innan vi g\u00f6r n\u00e5gra transaktioner med dessa enheter rekommenderar vi starkt att\u00a0<strong>genomf\u00f6ra fullst\u00e4ndig forskning och revision innan du g\u00f6r n\u00e5gra aff\u00e4rer<\/strong>.<\/p>\n\n\n\n<p><strong>7. \u00c4ndringar av ansvarsfriskrivning<\/strong><\/p>\n\n\n\n<p>Vi f\u00f6rbeh\u00e5ller oss r\u00e4tten att \u00e4ndra eller uppdatera denna ansvarsfriskrivning n\u00e4r som helst. Det \u00e4r ditt ansvar att regelbundet granska denna ansvarsfriskrivning f\u00f6r eventuella \u00e4ndringar. Din fortsatta anv\u00e4ndning av v\u00e5ra tj\u00e4nster efter eventuella \u00e4ndringar kommer att utg\u00f6ra ditt godk\u00e4nnande av den uppdaterade ansvarsfriskrivningen.<\/p>\n\n\n\n<p><strong>8. Kontakta oss<\/strong><\/p>\n\n\n\n<p>Om du har fr\u00e5gor eller funderingar om denna ansvarsfriskrivning, v\u00e4nligen <a href=\"https:\/\/www.konnectinternational.com\/sv\/kontakta-oss\/\">Kontakta oss<\/a>.<\/p>","protected":false},"excerpt":{"rendered":"<p>1. General Information This Disclaimer governs your use of the services and information provided by Konnect International. By using our &#8230; <\/p>\n<p class=\"read-more-container\"><a title=\"Ansvarsfriskrivning\" class=\"read-more button\" href=\"https:\/\/www.konnectinternational.com\/sv\/ansvarsfriskrivning\/#more-240\" aria-label=\"L\u00e4s mer om Disclaimer\">Hela artikeln<\/a><\/p>","protected":false},"author":1,"featured_media":0,"parent":0,"menu_order":0,"comment_status":"closed","ping_status":"closed","template":"","meta":{"footnotes":""},"class_list":["post-240","page","type-page","status-publish"],"_links":{"self":[{"href":"https:\/\/www.konnectinternational.com\/sv\/wp-json\/wp\/v2\/pages\/240","targetHints":{"allow":["GET"]}}],"collection":[{"href":"https:\/\/www.konnectinternational.com\/sv\/wp-json\/wp\/v2\/pages"}],"about":[{"href":"https:\/\/www.konnectinternational.com\/sv\/wp-json\/wp\/v2\/types\/page"}],"author":[{"embeddable":true,"href":"https:\/\/www.konnectinternational.com\/sv\/wp-json\/wp\/v2\/users\/1"}],"replies":[{"embeddable":true,"href":"https:\/\/www.konnectinternational.com\/sv\/wp-json\/wp\/v2\/comments?post=240"}],"version-history":[{"count":2,"href":"https:\/\/www.konnectinternational.com\/sv\/wp-json\/wp\/v2\/pages\/240\/revisions"}],"predecessor-version":[{"id":941,"href":"https:\/\/www.konnectinternational.com\/sv\/wp-json\/wp\/v2\/pages\/240\/revisions\/941"}],"wp:attachment":[{"href":"https:\/\/www.konnectinternational.com\/sv\/wp-json\/wp\/v2\/media?parent=240"}],"curies":[{"name":"wp","href":"https:\/\/api.w.org\/{rel}","templated":true}]}}