{"id":34,"date":"2024-01-08T23:40:53","date_gmt":"2024-01-08T18:10:53","guid":{"rendered":"https:\/\/gpsites.co\/marketer\/?page_id=34"},"modified":"2024-01-11T15:06:36","modified_gmt":"2024-01-11T09:36:36","slug":"about-us","status":"publish","type":"page","link":"https:\/\/www.konnectinternational.com\/pl\/o-nas\/","title":{"rendered":"O nas"},"content":{"rendered":"<p>Na <strong>Po\u0142\u0105czenie mi\u0119dzynarodowe<\/strong>, jeste\u015bmy oddani likwidowaniu luk i budowaniu wa\u017cnych po\u0142\u0105cze\u0144. Jeste\u015bmy dynamiczn\u0105 i innowacyjn\u0105 globaln\u0105 firm\u0105 specjalizuj\u0105c\u0105 si\u0119 w u\u0142atwianiu mi\u0119dzynarodowej wsp\u00f3\u0142pracy, partnerstw i przedsi\u0119wzi\u0119\u0107 biznesowych.<\/p>\n\n\n\n<p><strong>Nasza misja<\/strong> Nasz\u0105 misj\u0105 jest umo\u017cliwienie organizacjom, przedsi\u0119biorcom i osobom prywatnym poszerzenia horyzont\u00f3w, eksploracji nowych mo\u017cliwo\u015bci i piel\u0119gnowania znacz\u0105cych relacji ponad granicami. Wierzymy, \u017ce \u015bwiat jest po\u0142\u0105czony, a \u0142\u0105cz\u0105c ludzi i firmy, mo\u017cemy stworzy\u0107 ja\u015bniejsz\u0105 i bardziej pomy\u015bln\u0105 przysz\u0142o\u015b\u0107.<\/p>\n\n\n\n<p><strong>Co nas wyr\u00f3\u017cnia<\/strong><\/p>\n\n\n\n<ul class=\"wp-block-list\">\n<li><strong>Zasi\u0119g globalny<\/strong>:Dzi\u0119ki obecno\u015bci w ponad 50 krajach nasza rozleg\u0142a globalna sie\u0107 pozwala nam oferowa\u0107 rozwi\u0105zania dostosowane do Twoich wyj\u0105tkowych potrzeb, bez wzgl\u0119du na to, gdzie si\u0119 znajdujesz.<\/li>\n\n\n\n<li><strong>Ekspertyza<\/strong>: Nasz zesp\u00f3\u0142 sk\u0142ada si\u0119 z do\u015bwiadczonych profesjonalist\u00f3w z g\u0142\u0119bokim zrozumieniem rynk\u00f3w mi\u0119dzynarodowych, przepis\u00f3w i niuans\u00f3w kulturowych. Oferujemy fachowe doradztwo i wsparcie na ka\u017cdym etapie Twojej mi\u0119dzynarodowej podr\u00f3\u017cy.<\/li>\n\n\n\n<li><strong>Innowacja<\/strong>: Wykorzystujemy najnowsze technologie i strategie, aby zapewni\u0107 Ci przewag\u0119 w szybko ewoluuj\u0105cym globalnym krajobrazie. Nasze innowacyjne rozwi\u0105zania s\u0105 zaprojektowane tak, aby zmaksymalizowa\u0107 Tw\u00f3j potencja\u0142.<\/li>\n<\/ul>\n\n\n\n<p><strong>Nasze us\u0142ugi<\/strong><\/p>\n\n\n\n<ul class=\"wp-block-list\">\n<li><strong>Rozw\u00f3j biznesu<\/strong>:Pomagamy identyfikowa\u0107 i wykorzystywa\u0107 nowe mo\u017cliwo\u015bci biznesowe, niezale\u017cnie od tego, czy chodzi o ekspansj\u0119 na rynki wschodz\u0105ce, znalezienie strategicznych partner\u00f3w czy uruchomienie nowych przedsi\u0119wzi\u0119\u0107.<\/li>\n\n\n\n<li><strong>Wej\u015bcie na rynek<\/strong>:Poruszanie si\u0119 po nieznanych rynkach mo\u017ce by\u0107 wyzwaniem. Zapewniamy badania rynku, strategie wej\u015bcia na rynek i wsparcie regulacyjne, aby pom\u00f3c Ci odnie\u015b\u0107 sukces.<\/li>\n\n\n\n<li><strong>Handel i inwestycje<\/strong>U\u0142atwiamy zawieranie transakcji handlowych i inwestycyjnych, \u0142\u0105cz\u0105c kupuj\u0105cych i sprzedaj\u0105cych, inwestor\u00f3w i przedsi\u0119biorc\u00f3w w celu tworzenia partnerstw korzystnych dla obu stron.<\/li>\n\n\n\n<li><strong>Networking i wydarzenia<\/strong>:Nasze globalne wydarzenia i platformy sieciowe stwarzaj\u0105 okazj\u0119 do nawi\u0105zania kontakt\u00f3w z kluczowymi interesariuszami, dzielenia si\u0119 pomys\u0142ami i budowania relacji.<\/li>\n<\/ul>\n\n\n\n<p><strong>Nasze zobowi\u0105zanie<\/strong> W Konnect International jeste\u015bmy oddani przejrzysto\u015bci, uczciwo\u015bci i dostarczaniu wynik\u00f3w. Mierzymy nasz sukces sukcesem naszych klient\u00f3w i partner\u00f3w. Twoje cele staj\u0105 si\u0119 naszymi celami, a my pracujemy niestrudzenie, aby pom\u00f3c Ci je osi\u0105gn\u0105\u0107.<\/p>\n\n\n\n<p>Do\u0142\u0105cz do nas w podr\u00f3\u017cy Konnecting the world, jedno partnerstwo na raz. Razem mo\u017cemy kszta\u0142towa\u0107 przysz\u0142o\u015b\u0107 nieograniczonych mo\u017cliwo\u015bci.<\/p>\n\n\n\n<p>Je\u015bli masz pytania lub chcesz dowiedzie\u0107 si\u0119, w jaki spos\u00f3b mo\u017cemy Ci pom\u00f3c, skontaktuj si\u0119 z nami ju\u017c dzi\u015b.<\/p>","protected":false},"excerpt":{"rendered":"<p>At Konnect International, we are dedicated to bridging the gaps and building connections that matter. We are a dynamic and &#8230; <\/p>\n<p class=\"read-more-container\"><a title=\"O nas\" class=\"read-more button\" href=\"https:\/\/www.konnectinternational.com\/pl\/o-nas\/#more-34\" aria-label=\"Dowiedz si\u0119 wi\u0119cej o About Us\">Pe\u0142ny artyku\u0142<\/a><\/p>","protected":false},"author":1,"featured_media":0,"parent":0,"menu_order":0,"comment_status":"closed","ping_status":"closed","template":"","meta":{"footnotes":""},"class_list":["post-34","page","type-page","status-publish"],"_links":{"self":[{"href":"https:\/\/www.konnectinternational.com\/pl\/wp-json\/wp\/v2\/pages\/34","targetHints":{"allow":["GET"]}}],"collection":[{"href":"https:\/\/www.konnectinternational.com\/pl\/wp-json\/wp\/v2\/pages"}],"about":[{"href":"https:\/\/www.konnectinternational.com\/pl\/wp-json\/wp\/v2\/types\/page"}],"author":[{"embeddable":true,"href":"https:\/\/www.konnectinternational.com\/pl\/wp-json\/wp\/v2\/users\/1"}],"replies":[{"embeddable":true,"href":"https:\/\/www.konnectinternational.com\/pl\/wp-json\/wp\/v2\/comments?post=34"}],"version-history":[{"count":3,"href":"https:\/\/www.konnectinternational.com\/pl\/wp-json\/wp\/v2\/pages\/34\/revisions"}],"predecessor-version":[{"id":234,"href":"https:\/\/www.konnectinternational.com\/pl\/wp-json\/wp\/v2\/pages\/34\/revisions\/234"}],"wp:attachment":[{"href":"https:\/\/www.konnectinternational.com\/pl\/wp-json\/wp\/v2\/media?parent=34"}],"curies":[{"name":"wp","href":"https:\/\/api.w.org\/{rel}","templated":true}]}}