{"id":3,"date":"2024-01-11T07:38:28","date_gmt":"2024-01-11T07:38:28","guid":{"rendered":"https:\/\/www.konnectinternational.com\/?page_id=3"},"modified":"2024-01-23T14:19:47","modified_gmt":"2024-01-23T08:49:47","slug":"privacy-policy","status":"publish","type":"page","link":"https:\/\/www.konnectinternational.com\/pl\/polityka-prywatnosci\/","title":{"rendered":"Polityka prywatno\u015bci"},"content":{"rendered":"<h2 class=\"wp-block-heading\">Polityka prywatno\u015bci dla Konnect International<\/h2>\n\n\n\n<p>Na <strong>Po\u0142\u0105czenie mi\u0119dzynarodowe<\/strong>, dost\u0119pny z <a href=\"https:\/\/www.konnectinternational.com\/pl\/\">https:\/\/www.konnectinternational.com<\/a>, jednym z naszych g\u0142\u00f3wnych priorytet\u00f3w jest prywatno\u015b\u0107 naszych go\u015bci. Niniejszy dokument Polityki prywatno\u015bci zawiera rodzaje informacji, kt\u00f3re s\u0105 gromadzone i rejestrowane przez Konnect International oraz spos\u00f3b, w jaki je wykorzystujemy.<\/p>\n\n\n\n<p>Je\u015bli masz dodatkowe pytania lub potrzebujesz wi\u0119cej informacji na temat naszej Polityki prywatno\u015bci, nie wahaj si\u0119 z nami skontaktowa\u0107.<\/p>\n\n\n\n<p>Niniejsza Polityka prywatno\u015bci dotyczy wy\u0142\u0105cznie naszych dzia\u0142a\u0144 online i jest wa\u017cna dla odwiedzaj\u0105cych nasz\u0105 witryn\u0119 internetow\u0105 w zakresie informacji, kt\u00f3rymi si\u0119 dziel\u0105 i\/lub zbieraj\u0105 w Konnect International. Niniejsza polityka nie dotyczy \u017cadnych informacji zbieranych offline lub za po\u015brednictwem kana\u0142\u00f3w innych ni\u017c ta witryna internetowa.<\/p>\n\n\n\n<h2 class=\"wp-block-heading\">Zgoda<\/h2>\n\n\n\n<p>Korzystaj\u0105c z naszej strony internetowej, wyra\u017casz zgod\u0119 na nasz\u0105 Polityk\u0119 prywatno\u015bci i akceptujesz jej warunki.<\/p>\n\n\n\n<h2 class=\"wp-block-heading\">Informacje, kt\u00f3re zbieramy<\/h2>\n\n\n\n<p>Dane osobowe, o kt\u00f3rych podanie zostaniesz poproszony, oraz powody, dla kt\u00f3rych zostaniesz o nie poproszony, zostan\u0105 Ci przedstawione w momencie, gdy poprosimy Ci\u0119 o podanie danych osobowych.<\/p>\n\n\n\n<p>Je\u015bli skontaktujesz si\u0119 z nami bezpo\u015brednio, mo\u017cemy otrzyma\u0107 dodatkowe informacje o Tobie, takie jak Twoje imi\u0119 i nazwisko, adres e-mail, numer telefonu, tre\u015b\u0107 wiadomo\u015bci i\/lub za\u0142\u0105cznik\u00f3w, kt\u00f3re nam wy\u015blesz, a tak\u017ce wszelkie inne informacje, kt\u00f3re zdecydujesz si\u0119 nam udost\u0119pni\u0107.<\/p>\n\n\n\n<p>Podczas rejestracji Konta mo\u017cemy poprosi\u0107 Ci\u0119 o podanie danych kontaktowych, takich jak imi\u0119 i nazwisko, nazwa firmy, adres, adres e-mail i numer telefonu.<\/p>\n\n\n\n<h2 class=\"wp-block-heading\">Jak wykorzystujemy Twoje dane<\/h2>\n\n\n\n<p>Gromadzone informacje wykorzystujemy na r\u00f3\u017cne sposoby, w tym:<\/p>\n\n\n\n<ul class=\"wp-block-list\">\n<li>Dostarczanie, obs\u0142uga i utrzymanie naszej witryny internetowej<\/li>\n\n\n\n<li>Ulepszaj, personalizuj i rozwijaj nasz\u0105 witryn\u0119 internetow\u0105<\/li>\n\n\n\n<li>Zrozumie\u0107 i przeanalizowa\u0107, w jaki spos\u00f3b korzystasz z naszej witryny internetowej<\/li>\n\n\n\n<li>Opracowywanie nowych produkt\u00f3w, us\u0142ug, funkcji i funkcjonalno\u015bci<\/li>\n\n\n\n<li>Komunikowa\u0107 si\u0119 z Tob\u0105, bezpo\u015brednio lub za po\u015brednictwem jednego z naszych partner\u00f3w, w tym w celu obs\u0142ugi klienta, aby dostarcza\u0107 Ci aktualizacje i inne informacje dotycz\u0105ce witryny, a tak\u017ce w celach marketingowych i promocyjnych<\/li>\n\n\n\n<li>Wysy\u0142a\u0107 Ci e-maile<\/li>\n\n\n\n<li>Znajd\u017a i zapobiegaj oszustwom<\/li>\n<\/ul>\n\n\n\n<h2 class=\"wp-block-heading\">Pliki dziennika<\/h2>\n\n\n\n<p>Konnect International stosuje standardow\u0105 procedur\u0119 korzystania z plik\u00f3w dziennika. Pliki te rejestruj\u0105 odwiedzaj\u0105cych, gdy odwiedzaj\u0105 witryny. Wszystkie firmy hostingowe to robi\u0105 i s\u0105 cz\u0119\u015bci\u0105 analityki us\u0142ug hostingowych. Informacje zbierane przez pliki dziennika obejmuj\u0105 adresy protoko\u0142u internetowego (IP), typ przegl\u0105darki, dostawc\u0119 us\u0142ug internetowych (ISP), znacznik daty i godziny, strony odsy\u0142aj\u0105ce\/wyj\u015bciowe i ewentualnie liczb\u0119 klikni\u0119\u0107. Nie s\u0105 one powi\u0105zane z \u017cadnymi danymi osobowymi. Celem informacji jest analiza trend\u00f3w, administrowanie witryn\u0105, \u015bledzenie ruchu u\u017cytkownik\u00f3w w witrynie i zbieranie danych demograficznych.<\/p>\n\n\n\n<h2 class=\"wp-block-heading\">Pliki cookie i sygna\u0142y nawigacyjne<\/h2>\n\n\n\n<p>Podobnie jak ka\u017cda inna strona internetowa, Konnect International u\u017cywa \u201eplik\u00f3w cookie\u201d. Pliki cookie s\u0142u\u017c\u0105 do przechowywania informacji, w tym preferencji odwiedzaj\u0105cych i stron w witrynie, do kt\u00f3rych odwiedzaj\u0105cy uzyska\u0142 dost\u0119p lub kt\u00f3re odwiedzi\u0142. Informacje te s\u0142u\u017c\u0105 do optymalizacji do\u015bwiadcze\u0144 u\u017cytkownik\u00f3w poprzez dostosowywanie tre\u015bci naszej strony internetowej na podstawie typu przegl\u0105darki odwiedzaj\u0105cych i\/lub innych informacji.<\/p>\n\n\n\n<h2 class=\"wp-block-heading\">Plik cookie Google DoubleClick DART<\/h2>\n\n\n\n<p>Google jest jednym z zewn\u0119trznych dostawc\u00f3w na naszej stronie. U\u017cywa r\u00f3wnie\u017c plik\u00f3w cookie, znanych jako pliki cookie DART, aby wy\u015bwietla\u0107 reklamy odwiedzaj\u0105cym nasz\u0105 stron\u0119 na podstawie ich wizyty na stronie www.website.com i innych stronach w Internecie. Jednak odwiedzaj\u0105cy mog\u0105 zdecydowa\u0107 si\u0119 na odrzucenie plik\u00f3w cookie DART, odwiedzaj\u0105c Polityk\u0119 prywatno\u015bci sieci reklamowej i tre\u015bci Google pod nast\u0119puj\u0105cym adresem URL \u2013&nbsp;<a href=\"https:\/\/policies.google.com\/technologies\/ads\" target=\"_blank\" rel=\"noreferrer noopener\">https:\/\/policies.google.com\/technologies\/ads<\/a><\/p>\n\n\n\n<h2 class=\"wp-block-heading\">Nasi partnerzy reklamowi<\/h2>\n\n\n\n<p>Niekt\u00f3rzy reklamodawcy na naszej stronie mog\u0105 u\u017cywa\u0107 plik\u00f3w cookie i sygnalizator\u00f3w WWW. Nasi partnerzy reklamowi s\u0105 wymienieni poni\u017cej. Ka\u017cdy z naszych partner\u00f3w reklamowych ma w\u0142asn\u0105 Polityk\u0119 prywatno\u015bci dotycz\u0105c\u0105 swoich zasad dotycz\u0105cych danych u\u017cytkownik\u00f3w. Aby u\u0142atwi\u0107 dost\u0119p, poni\u017cej zamie\u015bcili\u015bmy hiper\u0142\u0105cza do ich Polityki prywatno\u015bci.<\/p>\n\n\n\n<ul class=\"wp-block-list\">\n<li>Google&nbsp;<a href=\"https:\/\/policies.google.com\/technologies\/ads\" target=\"_blank\" rel=\"noreferrer noopener\">https:\/\/policies.google.com\/technologies\/ads<\/a><\/li>\n<\/ul>\n\n\n\n<h2 class=\"wp-block-heading\">Polityka prywatno\u015bci partner\u00f3w reklamowych<\/h2>\n\n\n\n<p>Na tej li\u015bcie mo\u017cesz zapozna\u0107 si\u0119 z Polityk\u0105 Prywatno\u015bci ka\u017cdego z partner\u00f3w reklamowych Konnect International.<\/p>\n\n\n\n<p>Serwery reklamowe lub sieci reklamowe stron trzecich wykorzystuj\u0105 technologie takie jak pliki cookie, JavaScript lub sygna\u0142y nawigacyjne, kt\u00f3re s\u0105 u\u017cywane w ich reklamach i linkach, kt\u00f3re pojawiaj\u0105 si\u0119 w Konnect International, kt\u00f3re s\u0105 wysy\u0142ane bezpo\u015brednio do przegl\u0105darki u\u017cytkownika. Automatycznie otrzymuj\u0105 Tw\u00f3j adres IP, gdy to nast\u0105pi. Technologie te s\u0105 u\u017cywane do pomiaru skuteczno\u015bci ich kampanii reklamowych i\/lub do personalizacji tre\u015bci reklamowych, kt\u00f3re widzisz na odwiedzanych stronach internetowych.<\/p>\n\n\n\n<p>Nale\u017cy pami\u0119ta\u0107, \u017ce Konnect International nie ma dost\u0119pu ani kontroli nad plikami cookie u\u017cywanymi przez reklamodawc\u00f3w zewn\u0119trznych.<\/p>\n\n\n\n<h2 class=\"wp-block-heading\">Polityki prywatno\u015bci stron trzecich<\/h2>\n\n\n\n<p>Polityka prywatno\u015bci Konnect International nie dotyczy innych reklamodawc\u00f3w ani witryn internetowych. Dlatego radzimy zapozna\u0107 si\u0119 z odpowiednimi Politykami prywatno\u015bci tych zewn\u0119trznych serwer\u00f3w reklamowych, aby uzyska\u0107 bardziej szczeg\u00f3\u0142owe informacje. Mog\u0105 one obejmowa\u0107 ich praktyki i instrukcje dotycz\u0105ce sposobu rezygnacji z niekt\u00f3rych opcji.<\/p>\n\n\n\n<p>Mo\u017cesz wybra\u0107 wy\u0142\u0105czenie plik\u00f3w cookie za pomoc\u0105 opcji przegl\u0105darki. Aby pozna\u0107 bardziej szczeg\u00f3\u0142owe informacje na temat zarz\u0105dzania plikami cookie w okre\u015blonych przegl\u0105darkach internetowych, mo\u017cna je znale\u017a\u0107 na stronach internetowych poszczeg\u00f3lnych przegl\u0105darek.<\/p>\n\n\n\n<h2 class=\"wp-block-heading\">Prawa prywatno\u015bci CCPA (Nie sprzedawaj moich danych osobowych)<\/h2>\n\n\n\n<p>Zgodnie z CCPA konsumenci w Kalifornii maj\u0105 mi\u0119dzy innymi prawo do:<\/p>\n\n\n\n<p>Popro\u015b firm\u0119 gromadz\u0105c\u0105 dane osobowe konsument\u00f3w o ujawnienie kategorii i konkretnych danych osobowych, jakie firma zebra\u0142a o konsumentach.<\/p>\n\n\n\n<p>Popro\u015b firm\u0119 o usuni\u0119cie wszelkich danych osobowych konsumenta, jakie zebra\u0142a.<\/p>\n\n\n\n<p>Popro\u015b firm\u0119, kt\u00f3ra sprzedaje dane osobowe konsument\u00f3w, aby nie sprzedawa\u0142a danych osobowych konsument\u00f3w.<\/p>\n\n\n\n<p>Je\u015bli z\u0142o\u017cysz wniosek, mamy miesi\u0105c na odpowied\u017a. Je\u015bli chcesz skorzysta\u0107 z kt\u00f3regokolwiek z tych praw, skontaktuj si\u0119 z nami.<\/p>\n\n\n\n<h2 class=\"wp-block-heading\">Prawa dotycz\u0105ce ochrony danych osobowych zgodnie z RODO<\/h2>\n\n\n\n<p>Chcieliby\u015bmy si\u0119 upewni\u0107, \u017ce jeste\u015b w pe\u0142ni \u015bwiadomy wszystkich swoich praw dotycz\u0105cych ochrony danych. Ka\u017cdy u\u017cytkownik ma prawo do nast\u0119puj\u0105cych rzeczy:<\/p>\n\n\n\n<p>Prawo dost\u0119pu \u2013 Masz prawo za\u017c\u0105da\u0107 kopii swoich danych osobowych. Mo\u017cemy pobra\u0107 od Ciebie niewielk\u0105 op\u0142at\u0119 za t\u0119 us\u0142ug\u0119.<\/p>\n\n\n\n<p>Prawo do sprostowania \u2013 Masz prawo za\u017c\u0105da\u0107, aby\u015bmy poprawili wszelkie informacje, kt\u00f3re uwa\u017casz za niedok\u0142adne. Masz r\u00f3wnie\u017c prawo za\u017c\u0105da\u0107, aby\u015bmy uzupe\u0142nili informacje, kt\u00f3re uwa\u017casz za niekompletne.<\/p>\n\n\n\n<p>Prawo do usuni\u0119cia danych \u2013 masz prawo za\u017c\u0105da\u0107 od nas usuni\u0119cia Twoich danych osobowych, pod pewnymi warunkami.<\/p>\n\n\n\n<p>Prawo do ograniczenia przetwarzania \u2013 Masz prawo za\u017c\u0105da\u0107, aby\u015bmy ograniczyli przetwarzanie Twoich danych osobowych, pod pewnymi warunkami.<\/p>\n\n\n\n<p>Prawo do sprzeciwu wobec przetwarzania \u2013 Masz prawo sprzeciwi\u0107 si\u0119 przetwarzaniu przez nas Twoich danych osobowych, pod pewnymi warunkami.<\/p>\n\n\n\n<p>Prawo do przenoszenia danych \u2013 masz prawo za\u017c\u0105da\u0107, aby\u015bmy przekazali zebrane przez nas dane innej organizacji lub bezpo\u015brednio Tobie, pod pewnymi warunkami.<\/p>\n\n\n\n<p>Je\u015bli z\u0142o\u017cysz wniosek, mamy miesi\u0105c na odpowied\u017a. Je\u015bli chcesz skorzysta\u0107 z kt\u00f3regokolwiek z tych praw, skontaktuj si\u0119 z nami.<\/p>\n\n\n\n<h2 class=\"wp-block-heading\">Informacje dla dzieci<\/h2>\n\n\n\n<p>Inn\u0105 cz\u0119\u015bci\u0105 naszego priorytetu jest dodanie ochrony dla dzieci podczas korzystania z Internetu. Zach\u0119camy rodzic\u00f3w i opiekun\u00f3w do obserwowania, uczestniczenia i\/lub monitorowania i kierowania ich aktywno\u015bci\u0105 online.<\/p>\n\n\n\n<p>Konnect International nie gromadzi \u015bwiadomie \u017cadnych Danych Osobowych Identyfikacyjnych od dzieci poni\u017cej 13 roku \u017cycia. Je\u015bli uwa\u017casz, \u017ce Twoje dziecko poda\u0142o tego rodzaju informacje na naszej stronie internetowej, gor\u0105co zach\u0119camy do natychmiastowego skontaktowania si\u0119 z nami, a my do\u0142o\u017cymy wszelkich stara\u0144, aby niezw\u0142ocznie usun\u0105\u0107 takie informacje z naszych rejestr\u00f3w.<\/p>\n\n\n\n<h2 class=\"wp-block-heading\">Zmiany w niniejszej Polityce prywatno\u015bci<\/h2>\n\n\n\n<p>Mo\u017cemy od czasu do czasu aktualizowa\u0107 nasz\u0105 Polityk\u0119 prywatno\u015bci. Dlatego radzimy okresowo sprawdza\u0107 t\u0119 stron\u0119 pod k\u0105tem wszelkich zmian. Powiadomimy Ci\u0119 o wszelkich zmianach, publikuj\u0105c now\u0105 Polityk\u0119 prywatno\u015bci na tej stronie. Zmiany te wchodz\u0105 w \u017cycie natychmiast po ich opublikowaniu na tej stronie.<\/p>\n\n\n\n<h2 class=\"wp-block-heading\">Skontaktuj si\u0119 z nami<\/h2>\n\n\n\n<p>Je\u015bli masz jakiekolwiek pytania lub sugestie dotycz\u0105ce naszej Polityki prywatno\u015bci, nie wahaj si\u0119 skontaktowa\u0107 z nami. <a href=\"https:\/\/www.konnectinternational.com\/pl\/skontaktuj-sie-z-nami\/\">Skontaktuj si\u0119 z nami<\/a>.<\/p>","protected":false},"excerpt":{"rendered":"<p>Privacy Policy for Konnect International At Konnect International, accessible from https:\/\/www.konnectinternational.com, one of our main priorities is the privacy of &#8230; <\/p>\n<p class=\"read-more-container\"><a title=\"Polityka prywatno\u015bci\" class=\"read-more button\" href=\"https:\/\/www.konnectinternational.com\/pl\/polityka-prywatnosci\/#more-3\" aria-label=\"Dowiedz si\u0119 wi\u0119cej o Privacy Policy\">Pe\u0142ny artyku\u0142<\/a><\/p>","protected":false},"author":1,"featured_media":0,"parent":0,"menu_order":0,"comment_status":"closed","ping_status":"open","template":"","meta":{"footnotes":""},"class_list":["post-3","page","type-page","status-publish"],"_links":{"self":[{"href":"https:\/\/www.konnectinternational.com\/pl\/wp-json\/wp\/v2\/pages\/3","targetHints":{"allow":["GET"]}}],"collection":[{"href":"https:\/\/www.konnectinternational.com\/pl\/wp-json\/wp\/v2\/pages"}],"about":[{"href":"https:\/\/www.konnectinternational.com\/pl\/wp-json\/wp\/v2\/types\/page"}],"author":[{"embeddable":true,"href":"https:\/\/www.konnectinternational.com\/pl\/wp-json\/wp\/v2\/users\/1"}],"replies":[{"embeddable":true,"href":"https:\/\/www.konnectinternational.com\/pl\/wp-json\/wp\/v2\/comments?post=3"}],"version-history":[{"count":7,"href":"https:\/\/www.konnectinternational.com\/pl\/wp-json\/wp\/v2\/pages\/3\/revisions"}],"predecessor-version":[{"id":776,"href":"https:\/\/www.konnectinternational.com\/pl\/wp-json\/wp\/v2\/pages\/3\/revisions\/776"}],"wp:attachment":[{"href":"https:\/\/www.konnectinternational.com\/pl\/wp-json\/wp\/v2\/media?parent=3"}],"curies":[{"name":"wp","href":"https:\/\/api.w.org\/{rel}","templated":true}]}}