{"id":198,"date":"2024-01-11T14:18:31","date_gmt":"2024-01-11T08:48:31","guid":{"rendered":"https:\/\/www.konnectinternational.com\/?page_id=198"},"modified":"2024-01-23T14:02:52","modified_gmt":"2024-01-23T08:32:52","slug":"terms-and-conditions","status":"publish","type":"page","link":"https:\/\/www.konnectinternational.com\/pl\/warunki-i-postanowienia\/","title":{"rendered":"Warunki i postanowienia"},"content":{"rendered":"<p><strong>Witamy w\u00a0<a href=\"https:\/\/www.konnectinternational.com\/pl\/\">Po\u0142\u0105czenie mi\u0119dzynarodowe<\/a><\/strong><\/p>\n\n\n\n<p>Niniejsze warunki okre\u015blaj\u0105 zasady i regulacje korzystania ze strony internetowej Konnect International, dost\u0119pnej pod adresem\u00a0<a href=\"https:\/\/www.konnectinternational.com\/pl\/\">https:\/\/www.konnectinternational.com<\/a>.<\/p>\n\n\n\n<p>Uzyskuj\u0105c dost\u0119p do tej witryny internetowej, zak\u0142adamy, \u017ce akceptujesz te warunki. Nie kontynuuj korzystania z Konnect International, je\u015bli nie zgadzasz si\u0119 na wszystkie warunki okre\u015blone na tej stronie.<\/p>\n\n\n\n<p>Poni\u017csza terminologia ma zastosowanie do niniejszych Warunk\u00f3w, O\u015bwiadczenia o ochronie prywatno\u015bci i Zastrze\u017cenia oraz wszystkich Um\u00f3w: \u201eKlient\u201d, \u201eTy\u201d i \u201eTw\u00f3j\u201d odnosi si\u0119 do Ciebie, osoby loguj\u0105cej si\u0119 na tej stronie internetowej i przestrzegaj\u0105cej warunk\u00f3w i postanowie\u0144 Sp\u00f3\u0142ki. \u201eSp\u00f3\u0142ka\u201d, \u201eMy\u201d, \u201eNasz\u201d i \u201eNas\u201d odnosi si\u0119 do naszej Sp\u00f3\u0142ki. \u201eStrona\u201d, \u201eStrony\u201d lub \u201eNas\u201d odnosi si\u0119 zar\u00f3wno do Klienta, jak i do nas. Wszystkie warunki odnosz\u0105 si\u0119 do oferty, akceptacji i rozwa\u017cenia p\u0142atno\u015bci niezb\u0119dnych do podj\u0119cia procesu naszej pomocy Klientowi w najbardziej odpowiedni spos\u00f3b w wyra\u017anym celu zaspokojenia potrzeb Klienta w odniesieniu do \u015bwiadczenia okre\u015blonych us\u0142ug Sp\u00f3\u0142ki, zgodnie z i z zastrze\u017ceniem obowi\u0105zuj\u0105cego prawa Holandii. Wszelkie u\u017cycie powy\u017cszej terminologii lub innych s\u0142\u00f3w w liczbie pojedynczej, mnogiej, kapitalizacji i\/lub on\/ona lub oni, jest traktowane jako zamienne i dlatego odnosz\u0105ce si\u0119 do tego samego.<\/p>\n\n\n\n<h3 class=\"wp-block-heading\"><strong>Ciastka<\/strong><\/h3>\n\n\n\n<p>U\u017cywamy plik\u00f3w cookie. Uzyskuj\u0105c dost\u0119p do Konnect International, wyra\u017casz zgod\u0119 na u\u017cywanie plik\u00f3w cookie zgodnie z Polityk\u0105 prywatno\u015bci Konnect International.<\/p>\n\n\n\n<p>Wi\u0119kszo\u015b\u0107 interaktywnych witryn internetowych u\u017cywa plik\u00f3w cookie, aby umo\u017cliwi\u0107 nam pobranie danych u\u017cytkownika podczas ka\u017cdej wizyty. Pliki cookie s\u0105 u\u017cywane przez nasz\u0105 witryn\u0119 internetow\u0105, aby umo\u017cliwi\u0107 dzia\u0142anie niekt\u00f3rych obszar\u00f3w, aby u\u0142atwi\u0107 osobom odwiedzaj\u0105cym nasz\u0105 witryn\u0119 internetow\u0105. Niekt\u00f3rzy nasi partnerzy stowarzyszeni\/reklamowi mog\u0105 r\u00f3wnie\u017c u\u017cywa\u0107 plik\u00f3w cookie.<\/p>\n\n\n\n<h3 class=\"wp-block-heading\"><strong>Licencja<\/strong><\/h3>\n\n\n\n<p>O ile nie zaznaczono inaczej, Konnect International i\/lub jego licencjodawcy posiadaj\u0105 prawa w\u0142asno\u015bci intelektualnej do wszystkich materia\u0142\u00f3w na Konnect International. Wszelkie prawa w\u0142asno\u015bci intelektualnej s\u0105 zastrze\u017cone. Mo\u017cesz uzyska\u0107 do nich dost\u0119p z Konnect International do w\u0142asnego u\u017cytku osobistego, z zastrze\u017ceniem ogranicze\u0144 okre\u015blonych w niniejszych warunkach.<\/p>\n\n\n\n<p>Nie wolno Ci:<\/p>\n\n\n\n<ul class=\"wp-block-list\">\n<li>Opublikuj ponownie materia\u0142y z Konnect International<\/li>\n\n\n\n<li>Sprzedawaj, wynajmuj lub udzielaj sublicencji na materia\u0142y od Konnect International<\/li>\n\n\n\n<li>Powielaj, duplikuj lub kopiuj materia\u0142y z Konnect International<\/li>\n\n\n\n<li>Ponowna dystrybucja tre\u015bci z Konnect International<\/li>\n<\/ul>\n\n\n\n<p>Niniejsza Umowa wchodzi w \u017cycie z dniem jej zawarcia.<\/p>\n\n\n\n<p>Cz\u0119\u015bci tej witryny oferuj\u0105 u\u017cytkownikom mo\u017cliwo\u015b\u0107 zamieszczania i wymiany opinii i informacji w okre\u015blonych obszarach witryny. Konnect International nie filtruje, nie edytuje, nie publikuje ani nie weryfikuje komentarzy przed ich pojawieniem si\u0119 na stronie internetowej. Komentarze nie odzwierciedlaj\u0105 pogl\u0105d\u00f3w i opinii Konnect International, jego agent\u00f3w i\/lub podmiot\u00f3w stowarzyszonych. Komentarze odzwierciedlaj\u0105 pogl\u0105dy i opinie osoby, kt\u00f3ra zamieszcza swoje pogl\u0105dy i opinie. W zakresie dozwolonym przez obowi\u0105zuj\u0105ce prawo, Konnect International nie ponosi odpowiedzialno\u015bci za komentarze ani za jak\u0105kolwiek odpowiedzialno\u015b\u0107, szkody lub wydatki spowodowane i\/lub poniesione w wyniku jakiegokolwiek wykorzystania i\/lub zamieszczenia i\/lub pojawienia si\u0119 komentarzy na tej stronie internetowej.<\/p>\n\n\n\n<p>Konnect International zastrzega sobie prawo do monitorowania wszystkich komentarzy i usuwania wszelkich komentarzy, kt\u00f3re mo\u017cna uzna\u0107 za niew\u0142a\u015bciwe, obra\u017aliwe lub naruszaj\u0105ce niniejsze Warunki.<\/p>\n\n\n\n<p>Gwarantujesz i o\u015bwiadczasz, \u017ce:<\/p>\n\n\n\n<ul class=\"wp-block-list\">\n<li>Masz prawo do zamieszczania komentarzy na naszej stronie internetowej i posiadasz wszelkie niezb\u0119dne licencje i zgody, aby to zrobi\u0107;<\/li>\n\n\n\n<li>Komentarze nie naruszaj\u0105 \u017cadnych praw w\u0142asno\u015bci intelektualnej, w tym mi\u0119dzy innymi praw autorskich, patent\u00f3w lub znak\u00f3w towarowych os\u00f3b trzecich;<\/li>\n\n\n\n<li>Komentarze nie zawieraj\u0105 \u017cadnych tre\u015bci znies\u0142awiaj\u0105cych, oszczerczych, obra\u017aliwych, nieprzyzwoitych ani w inny spos\u00f3b niezgodnych z prawem, kt\u00f3re stanowi\u0105 naruszenie prywatno\u015bci<\/li>\n\n\n\n<li>Komentarze nie b\u0119d\u0105 wykorzystywane w celu nak\u0142aniania lub promowania dzia\u0142alno\u015bci gospodarczej lub zwyczaj\u00f3w ani w celu prezentowania dzia\u0142alno\u015bci komercyjnej lub dzia\u0142a\u0144 niezgodnych z prawem.<\/li>\n<\/ul>\n\n\n\n<p>Niniejszym udzielasz firmie Konnect International niewy\u0142\u0105cznej licencji na u\u017cywanie, powielanie, edytowanie oraz upowa\u017cnianie innych do u\u017cywania, powielania i edytowania dowolnych Twoich Komentarzy w dowolnej formie, formacie lub medium.<\/p>\n\n\n\n<h3 class=\"wp-block-heading\"><strong>Hiper\u0142\u0105cza do naszych tre\u015bci<\/strong><\/h3>\n\n\n\n<p>Nast\u0119puj\u0105ce organizacje mog\u0105 linkowa\u0107 do naszej witryny internetowej bez uprzedniej pisemnej zgody:<\/p>\n\n\n\n<ul class=\"wp-block-list\">\n<li>Agencje rz\u0105dowe;<\/li>\n\n\n\n<li>Wyszukiwarki;<\/li>\n\n\n\n<li>Organizacje informacyjne;<\/li>\n\n\n\n<li>Podmioty prowadz\u0105ce katalogi internetowe mog\u0105 linkowa\u0107 do naszej witryny internetowej w taki sam spos\u00f3b, w jaki linkuj\u0105 do witryn internetowych innych wymienionych firm;<\/li>\n\n\n\n<li>Akredytowane przedsi\u0119biorstwa Systemwide, z wyj\u0105tkiem organizacji non-profit, centr\u00f3w handlowych zajmuj\u0105cych si\u0119 dzia\u0142alno\u015bci\u0105 charytatywn\u0105 oraz grup zajmuj\u0105cych si\u0119 zbi\u00f3rkami funduszy na cele charytatywne, kt\u00f3re nie mog\u0105 umieszcza\u0107 hiper\u0142\u0105czy do naszej witryny internetowej.<\/li>\n<\/ul>\n\n\n\n<p>Organizacje te mog\u0105 linkowa\u0107 do naszej strony g\u0142\u00f3wnej, publikacji lub innych informacji zawartych w Witrynie, pod warunkiem, \u017ce link: (a) nie jest w \u017caden spos\u00f3b myl\u0105cy; (b) nie sugeruje fa\u0142szywie sponsorowania, poparcia lub aprobaty strony linkuj\u0105cej ani jej produkt\u00f3w i\/lub us\u0142ug; oraz (c) mie\u015bci si\u0119 w kontek\u015bcie witryny strony linkuj\u0105cej.<\/p>\n\n\n\n<p>Mo\u017cemy rozwa\u017cy\u0107 i zatwierdzi\u0107 inne pro\u015bby o link pochodz\u0105ce od nast\u0119puj\u0105cych typ\u00f3w organizacji:<\/p>\n\n\n\n<ul class=\"wp-block-list\">\n<li>powszechnie znane \u017ar\u00f3d\u0142a informacji konsumenckich i\/lub biznesowych;<\/li>\n\n\n\n<li>witryny spo\u0142eczno\u015bciowe dot.com;<\/li>\n\n\n\n<li>stowarzyszenia lub inne grupy reprezentuj\u0105ce organizacje charytatywne;<\/li>\n\n\n\n<li>dystrybutorzy katalog\u00f3w internetowych;<\/li>\n\n\n\n<li>portale internetowe;<\/li>\n\n\n\n<li>firmy ksi\u0119gowe, prawnicze i konsultingowe;<\/li>\n\n\n\n<li>instytucje edukacyjne i stowarzyszenia handlowe.<\/li>\n<\/ul>\n\n\n\n<p>Zatwierdzimy pro\u015bby tych organizacji o zamieszczenie linku, je\u015bli stwierdzimy, \u017ce: (a) link nie b\u0119dzie stawia\u0142 nas w niekorzystnym \u015bwietle ani w oczach naszych akredytowanych firm; (b) organizacja nie ma u nas \u017cadnych negatywnych zapis\u00f3w; (c) korzy\u015b\u0107 dla nas wynikaj\u0105ca z widoczno\u015bci hiper\u0142\u0105cza rekompensuje brak Konnect International oraz (d) link znajduje si\u0119 w kontek\u015bcie og\u00f3lnych informacji o zasobach.<\/p>\n\n\n\n<p>Organizacje te mog\u0105 linkowa\u0107 do naszej strony g\u0142\u00f3wnej, pod warunkiem \u017ce link: (a) nie jest w \u017caden spos\u00f3b myl\u0105cy; (b) nie sugeruje fa\u0142szywie sponsorowania, poparcia lub aprobaty strony linkuj\u0105cej ani jej produkt\u00f3w lub us\u0142ug; oraz (c) mie\u015bci si\u0119 w kontek\u015bcie witryny strony linkuj\u0105cej.<\/p>\n\n\n\n<p>Je\u015bli jeste\u015b jedn\u0105 z organizacji wymienionych w punkcie 2 powy\u017cej i jeste\u015b zainteresowany linkowaniem do naszej witryny, musisz nas o tym poinformowa\u0107, wysy\u0142aj\u0105c wiadomo\u015b\u0107 e-mail do Konnect International. Podaj swoje imi\u0119 i nazwisko, nazw\u0119 swojej organizacji, dane kontaktowe, a tak\u017ce adres URL swojej witryny, list\u0119 adres\u00f3w URL, z kt\u00f3rych zamierzasz linkowa\u0107 do naszej witryny, oraz list\u0119 adres\u00f3w URL w naszej witrynie, do kt\u00f3rych chcesz linkowa\u0107. Poczekaj 2-3 tygodnie na odpowied\u017a.<\/p>\n\n\n\n<p>Zatwierdzone organizacje mog\u0105 umieszcza\u0107 hiper\u0142\u0105cza do naszej witryny internetowej w nast\u0119puj\u0105cy spos\u00f3b:<\/p>\n\n\n\n<ul class=\"wp-block-list\">\n<li>Poprzez wykorzystanie naszej nazwy korporacyjnej; lub<\/li>\n\n\n\n<li>Poprzez wykorzystanie lokalizatora zasob\u00f3w jednolitych, do kt\u00f3rego nast\u0119puje linkowanie; lub<\/li>\n\n\n\n<li>Poprzez wykorzystanie dowolnego innego opisu naszej Witryny, do kt\u00f3rego prowadzi link, kt\u00f3ry ma sens w kontek\u015bcie i formacie tre\u015bci na stronie internetowej strony linkuj\u0105cej.<\/li>\n<\/ul>\n\n\n\n<p>Zabrania si\u0119 wykorzystywania logo Konnect International lub innych materia\u0142\u00f3w graficznych w celu linkowania bez umowy licencyjnej na znak towarowy.<\/p>\n\n\n\n<h3 class=\"wp-block-heading\"><strong>Ramki iFrame<\/strong><\/h3>\n\n\n\n<p>Bez uprzedniej zgody i pisemnego pozwolenia nie wolno tworzy\u0107 na naszych stronach internetowych ramek, kt\u00f3re w jakikolwiek spos\u00f3b zmieniaj\u0105 prezentacj\u0119 wizualn\u0105 lub wygl\u0105d naszej witryny.<\/p>\n\n\n\n<h3 class=\"wp-block-heading\"><strong>Odpowiedzialno\u015b\u0107 za tre\u015b\u0107<\/strong><\/h3>\n\n\n\n<p>Nie ponosimy odpowiedzialno\u015bci za \u017cadn\u0105 tre\u015b\u0107, kt\u00f3ra pojawia si\u0119 na Twojej Stronie internetowej. Zgadzasz si\u0119 chroni\u0107 nas i broni\u0107 przed wszelkimi roszczeniami, kt\u00f3re pojawiaj\u0105 si\u0119 na Twojej Stronie internetowej. Na \u017cadnej Stronie internetowej nie powinny pojawia\u0107 si\u0119 \u017cadne linki, kt\u00f3re mog\u0105 by\u0107 interpretowane jako znies\u0142awiaj\u0105ce, obsceniczne lub przest\u0119pcze, lub kt\u00f3re naruszaj\u0105, w inny spos\u00f3b \u0142ami\u0105 lub popieraj\u0105 naruszenie lub inne naruszenie praw os\u00f3b trzecich.<\/p>\n\n\n\n<h3 class=\"wp-block-heading\"><strong>Twoja prywatno\u015b\u0107<\/strong><\/h3>\n\n\n\n<p>Prosz\u0119 przeczyta\u0107 <a href=\"https:\/\/www.konnectinternational.com\/pl\/polityka-prywatnosci\/\" data-type=\"page\" data-id=\"3\">Polityka prywatno\u015bci<\/a><\/p>\n\n\n\n<h3 class=\"wp-block-heading\"><strong>Zastrze\u017cenie praw<\/strong><\/h3>\n\n\n\n<p>Zastrzegamy sobie prawo do \u017c\u0105dania usuni\u0119cia wszystkich link\u00f3w lub dowolnego konkretnego linku do naszej Witryny. Wyra\u017casz zgod\u0119 na natychmiastowe usuni\u0119cie wszystkich link\u00f3w do naszej Witryny na \u017c\u0105danie. Zastrzegamy sobie r\u00f3wnie\u017c prawo do zmiany niniejszych warunk\u00f3w i zasad dotycz\u0105cych link\u00f3w w dowolnym momencie. Poprzez ci\u0105g\u0142e linkowanie do naszej Witryny zgadzasz si\u0119 by\u0107 zwi\u0105zanym i przestrzega\u0107 niniejszych warunk\u00f3w i zasad dotycz\u0105cych link\u00f3w.<\/p>\n\n\n\n<h3 class=\"wp-block-heading\"><strong>Usuwanie link\u00f3w z naszej witryny internetowej<\/strong><\/h3>\n\n\n\n<p>Je\u015bli znajdziesz na naszej Stronie internetowej jakikolwiek link, kt\u00f3ry jest obra\u017aliwy z jakiegokolwiek powodu, mo\u017cesz skontaktowa\u0107 si\u0119 z nami i poinformowa\u0107 nas o tym w dowolnym momencie. Rozwa\u017cymy pro\u015bby o usuni\u0119cie link\u00f3w, ale nie jeste\u015bmy zobowi\u0105zani do tego lub do odpowiadania Ci bezpo\u015brednio.<\/p>\n\n\n\n<p>Nie gwarantujemy, \u017ce informacje zawarte na tej stronie internetowej s\u0105 poprawne, nie gwarantujemy ich kompletno\u015bci i dok\u0142adno\u015bci; nie obiecujemy r\u00f3wnie\u017c, \u017ce strona internetowa pozostanie dost\u0119pna lub \u017ce materia\u0142y w niej zawarte b\u0119d\u0105 aktualizowane.<\/p>\n\n\n\n<h3 class=\"wp-block-heading\"><strong>Zastrze\u017cenie<\/strong><\/h3>\n\n\n\n<p>W maksymalnym zakresie dozwolonym przez obowi\u0105zuj\u0105ce prawo wykluczamy wszelkie o\u015bwiadczenia, gwarancje i warunki dotycz\u0105ce naszej witryny internetowej i korzystania z tej witryny internetowej. Nic w niniejszym wy\u0142\u0105czeniu odpowiedzialno\u015bci nie b\u0119dzie:<\/p>\n\n\n\n<ul class=\"wp-block-list\">\n<li>ograniczy\u0107 lub wy\u0142\u0105czy\u0107 nasz\u0105 lub Twoj\u0105 odpowiedzialno\u015b\u0107 za \u015bmier\u0107 lub obra\u017cenia cia\u0142a;<\/li>\n\n\n\n<li>ograniczy\u0107 lub wy\u0142\u0105czy\u0107 nasz\u0105 lub Twoj\u0105 odpowiedzialno\u015b\u0107 za oszustwo lub \u015bwiadome wprowadzenie w b\u0142\u0105d;<\/li>\n\n\n\n<li>ograniczy\u0107 jak\u0105kolwiek nasz\u0105 lub Twoj\u0105 odpowiedzialno\u015b\u0107 w spos\u00f3b, kt\u00f3ry nie jest dozwolony na mocy obowi\u0105zuj\u0105cego prawa; lub<\/li>\n\n\n\n<li>wy\u0142\u0105czy\u0107 jak\u0105kolwiek nasz\u0105 lub Twoj\u0105 odpowiedzialno\u015b\u0107, kt\u00f3rej wy\u0142\u0105czenie nie jest mo\u017cliwe na mocy obowi\u0105zuj\u0105cego prawa.<\/li>\n<\/ul>\n\n\n\n<p>Ograniczenia i zakazy odpowiedzialno\u015bci okre\u015blone w niniejszej Sekcji oraz w innych miejscach niniejszego wy\u0142\u0105czenia odpowiedzialno\u015bci: (a) podlegaj\u0105 postanowieniom poprzedniego akapitu; oraz (b) reguluj\u0105 wszelk\u0105 odpowiedzialno\u015b\u0107 wynikaj\u0105c\u0105 z wy\u0142\u0105czenia odpowiedzialno\u015bci, w tym odpowiedzialno\u015b\u0107 wynikaj\u0105c\u0105 z umowy, czynu niedozwolonego i naruszenia obowi\u0105zku ustawowego.<\/p>\n\n\n\n<p>O ile strona internetowa oraz informacje i us\u0142ugi udost\u0119pniane na stronie internetowej s\u0105 bezp\u0142atne, nie ponosimy odpowiedzialno\u015bci za jakiekolwiek straty lub szkody.<\/p>\n\n\n\n<h2 class=\"wp-block-heading\">Skontaktuj si\u0119 z nami<\/h2>\n\n\n\n<p>Je\u015bli masz jakiekolwiek pytania lub sugestie dotycz\u0105ce naszych Warunk\u00f3w korzystania z serwisu, nie wahaj si\u0119 z nami skontaktowa\u0107.\u00a0<a href=\"https:\/\/www.konnectinternational.com\/pl\/skontaktuj-sie-z-nami\/\">Skontaktuj si\u0119 z nami<\/a>.<\/p>","protected":false},"excerpt":{"rendered":"<p>Welcome to\u00a0Konnect International These terms and conditions outline the rules and regulations for the use of Konnect International Website, located &#8230; <\/p>\n<p class=\"read-more-container\"><a title=\"Warunki i postanowienia\" class=\"read-more button\" href=\"https:\/\/www.konnectinternational.com\/pl\/warunki-i-postanowienia\/#more-198\" aria-label=\"Dowiedz si\u0119 wi\u0119cej o Terms and Conditions\">Pe\u0142ny artyku\u0142<\/a><\/p>","protected":false},"author":1,"featured_media":0,"parent":0,"menu_order":0,"comment_status":"closed","ping_status":"closed","template":"","meta":{"footnotes":""},"class_list":["post-198","page","type-page","status-publish"],"_links":{"self":[{"href":"https:\/\/www.konnectinternational.com\/pl\/wp-json\/wp\/v2\/pages\/198","targetHints":{"allow":["GET"]}}],"collection":[{"href":"https:\/\/www.konnectinternational.com\/pl\/wp-json\/wp\/v2\/pages"}],"about":[{"href":"https:\/\/www.konnectinternational.com\/pl\/wp-json\/wp\/v2\/types\/page"}],"author":[{"embeddable":true,"href":"https:\/\/www.konnectinternational.com\/pl\/wp-json\/wp\/v2\/users\/1"}],"replies":[{"embeddable":true,"href":"https:\/\/www.konnectinternational.com\/pl\/wp-json\/wp\/v2\/comments?post=198"}],"version-history":[{"count":5,"href":"https:\/\/www.konnectinternational.com\/pl\/wp-json\/wp\/v2\/pages\/198\/revisions"}],"predecessor-version":[{"id":774,"href":"https:\/\/www.konnectinternational.com\/pl\/wp-json\/wp\/v2\/pages\/198\/revisions\/774"}],"wp:attachment":[{"href":"https:\/\/www.konnectinternational.com\/pl\/wp-json\/wp\/v2\/media?parent=198"}],"curies":[{"name":"wp","href":"https:\/\/api.w.org\/{rel}","templated":true}]}}