{"id":240,"date":"2024-01-11T15:15:13","date_gmt":"2024-01-11T09:45:13","guid":{"rendered":"https:\/\/www.konnectinternational.com\/?page_id=240"},"modified":"2024-02-03T21:12:14","modified_gmt":"2024-02-03T15:42:14","slug":"disclaimer","status":"publish","type":"page","link":"https:\/\/www.konnectinternational.com\/fr\/clause-de-non-responsabilite\/","title":{"rendered":"Clause de non-responsabilit\u00e9"},"content":{"rendered":"<p><strong>1. Informations g\u00e9n\u00e9rales<\/strong><\/p>\n\n\n\n<p>Cette clause de non-responsabilit\u00e9 r\u00e9git votre utilisation des services et informations fournis par Konnect International. En utilisant nos services et en acc\u00e9dant aux informations sur notre site Web, vous reconnaissez et acceptez les termes de cette clause de non-responsabilit\u00e9.<\/p>\n\n\n\n<p><strong>2. Aucun conseil juridique ou professionnel<\/strong><\/p>\n\n\n\n<p>Les informations fournies par Konnect International, que ce soit sur notre site Internet, dans nos communications ou via nos services, sont fournies \u00e0 titre informatif uniquement. Elles ne constituent pas des conseils juridiques, financiers ou professionnels et ne doivent pas \u00eatre consid\u00e9r\u00e9es comme telles.<\/p>\n\n\n\n<p><strong>3. Exactitude et exhaustivit\u00e9<\/strong><\/p>\n\n\n\n<p>Bien que nous fassions tout notre possible pour fournir des informations exactes et \u00e0 jour, nous ne garantissons pas l&#039;exactitude, l&#039;exhaustivit\u00e9 ou l&#039;actualit\u00e9 du contenu de notre site Web ou de nos communications. Les informations peuvent \u00eatre sujettes \u00e0 modification sans pr\u00e9avis.<\/p>\n\n\n\n<p><strong>4. Contenu tiers<\/strong><\/p>\n\n\n\n<p>Notre site Web et nos services peuvent contenir des liens vers des sites Web ou du contenu tiers. Nous n&#039;approuvons pas, ne contr\u00f4lons pas et n&#039;assumons aucune responsabilit\u00e9 quant \u00e0 l&#039;exactitude ou la l\u00e9galit\u00e9 du contenu tiers. Vos interactions avec les sites Web tiers sont soumises \u00e0 leurs conditions g\u00e9n\u00e9rales.<\/p>\n\n\n\n<p><strong>5. Limitation de responsabilit\u00e9<\/strong><\/p>\n\n\n\n<p>Konnect International et ses soci\u00e9t\u00e9s affili\u00e9es ne seront pas responsables de tout dommage direct, indirect, accessoire, sp\u00e9cial ou cons\u00e9cutif d\u00e9coulant de ou li\u00e9 de quelque mani\u00e8re que ce soit \u00e0 votre utilisation de nos services ou \u00e0 la confiance accord\u00e9e aux informations fournies, y compris, mais sans s&#039;y limiter, les dommages pour perte de b\u00e9n\u00e9fices, de client\u00e8le, d&#039;utilisation ou de donn\u00e9es.<\/p>\n\n\n\n<p><strong>6. Aucune approbation<\/strong><\/p>\n\n\n\n<p>La mention d&#039;un produit, d&#039;un service ou d&#039;une organisation sp\u00e9cifique sur notre site Web ne constitue pas une approbation ou une recommandation de Konnect International. KonnectInternational.com et nos auteurs d\u00e9clinent fortement toute responsabilit\u00e9 en relation avec les entit\u00e9s mentionn\u00e9es sur notre site Web. Avant de vous engager dans toute transaction avec ces entit\u00e9s, nous vous conseillons fortement de\u00a0<strong>effectuer des recherches et des audits complets avant de conclure toute transaction<\/strong>.<\/p>\n\n\n\n<p><strong>7. Modifications de la clause de non-responsabilit\u00e9<\/strong><\/p>\n\n\n\n<p>Nous nous r\u00e9servons le droit de modifier ou de mettre \u00e0 jour cette clause de non-responsabilit\u00e9 \u00e0 tout moment. Il est de votre responsabilit\u00e9 de consulter r\u00e9guli\u00e8rement cette clause de non-responsabilit\u00e9 pour prendre connaissance de tout changement. Votre utilisation continue de nos services apr\u00e8s tout changement constituera votre acceptation de la clause de non-responsabilit\u00e9 mise \u00e0 jour.<\/p>\n\n\n\n<p><strong>8. Contactez-nous<\/strong><\/p>\n\n\n\n<p>Si vous avez des questions ou des pr\u00e9occupations concernant cette clause de non-responsabilit\u00e9, veuillez <a href=\"https:\/\/www.konnectinternational.com\/fr\/contactez-nous\/\">Contactez-nous<\/a>.<\/p>","protected":false},"excerpt":{"rendered":"<p>1. General Information This Disclaimer governs your use of the services and information provided by Konnect International. By using our &#8230; <\/p>\n<p class=\"read-more-container\"><a title=\"Clause de non-responsabilit\u00e9\" class=\"read-more button\" href=\"https:\/\/www.konnectinternational.com\/fr\/clause-de-non-responsabilite\/#more-240\" aria-label=\"En savoir plus sur Disclaimer\">Article complet<\/a><\/p>","protected":false},"author":1,"featured_media":0,"parent":0,"menu_order":0,"comment_status":"closed","ping_status":"closed","template":"","meta":{"footnotes":""},"class_list":["post-240","page","type-page","status-publish"],"_links":{"self":[{"href":"https:\/\/www.konnectinternational.com\/fr\/wp-json\/wp\/v2\/pages\/240","targetHints":{"allow":["GET"]}}],"collection":[{"href":"https:\/\/www.konnectinternational.com\/fr\/wp-json\/wp\/v2\/pages"}],"about":[{"href":"https:\/\/www.konnectinternational.com\/fr\/wp-json\/wp\/v2\/types\/page"}],"author":[{"embeddable":true,"href":"https:\/\/www.konnectinternational.com\/fr\/wp-json\/wp\/v2\/users\/1"}],"replies":[{"embeddable":true,"href":"https:\/\/www.konnectinternational.com\/fr\/wp-json\/wp\/v2\/comments?post=240"}],"version-history":[{"count":2,"href":"https:\/\/www.konnectinternational.com\/fr\/wp-json\/wp\/v2\/pages\/240\/revisions"}],"predecessor-version":[{"id":941,"href":"https:\/\/www.konnectinternational.com\/fr\/wp-json\/wp\/v2\/pages\/240\/revisions\/941"}],"wp:attachment":[{"href":"https:\/\/www.konnectinternational.com\/fr\/wp-json\/wp\/v2\/media?parent=240"}],"curies":[{"name":"wp","href":"https:\/\/api.w.org\/{rel}","templated":true}]}}