{"id":225,"date":"2024-01-11T14:57:28","date_gmt":"2024-01-11T09:27:28","guid":{"rendered":"https:\/\/www.konnectinternational.com\/?page_id=225"},"modified":"2024-01-11T15:19:23","modified_gmt":"2024-01-11T09:49:23","slug":"buy-import-export-data","status":"publish","type":"page","link":"https:\/\/www.konnectinternational.com\/fr\/acheter-importer-exporter-des-donnees\/","title":{"rendered":"Acheter des donn\u00e9es d&#039;import-export"},"content":{"rendered":"<p>Bienvenue aux services d&#039;importation et d&#039;exportation de donn\u00e9es de Konnect International\u00a0!<\/p>\n\n\n\n<p>Vous recherchez des informations utiles pour am\u00e9liorer vos strat\u00e9gies commerciales internationales ? Konnect International propose une gamme compl\u00e8te de solutions de donn\u00e9es d&#039;import et d&#039;export pour vous aider \u00e0 prendre des d\u00e9cisions \u00e9clair\u00e9es, \u00e0 identifier les tendances du march\u00e9 et \u00e0 explorer de nouvelles opportunit\u00e9s.<\/p>\n\n\n\n<p><strong>Nos services d&#039;importation et d&#039;exportation de donn\u00e9es<\/strong><\/p>\n\n\n\n<ol class=\"wp-block-list\">\n<li><strong>Rapports de donn\u00e9es personnalis\u00e9s<\/strong>:Nous fournissons des rapports de donn\u00e9es personnalis\u00e9s adapt\u00e9s \u00e0 vos besoins sp\u00e9cifiques, y compris des informations d\u00e9taill\u00e9es sur les activit\u00e9s d&#039;importation et d&#039;exportation, les cat\u00e9gories de produits et l&#039;analyse de march\u00e9.<\/li>\n\n\n\n<li><strong>\u00c9tude de march\u00e9<\/strong>: B\u00e9n\u00e9ficiez d&#039;un avantage concurrentiel gr\u00e2ce \u00e0 nos rapports d&#039;\u00e9tudes de march\u00e9 approfondis. Comprenez la dynamique du march\u00e9, les tendances de la demande et l&#039;analyse de la concurrence pour prendre des d\u00e9cisions strat\u00e9giques.<\/li>\n\n\n\n<li><strong>Statistiques commerciales<\/strong>:Acc\u00e9dez \u00e0 des statistiques commerciales \u00e0 jour, y compris les volumes d&#039;importation et d&#039;exportation, les tarifs et les donn\u00e9es de la balance commerciale, pour plusieurs pays et secteurs.<\/li>\n\n\n\n<li><strong>Informations sur les fournisseurs et les acheteurs<\/strong>:Identifiez des fournisseurs et des acheteurs potentiels dans le monde entier, vous permettant d&#039;\u00e9tablir des partenariats pr\u00e9cieux et d&#039;\u00e9largir votre r\u00e9seau commercial.<\/li>\n\n\n\n<li><strong>Informations r\u00e9glementaires<\/strong>:Restez inform\u00e9 des r\u00e9glementations d&#039;importation et d&#039;exportation, des tarifs et des exigences de conformit\u00e9 des diff\u00e9rents pays, garantissant ainsi des op\u00e9rations commerciales internationales fluides et conformes.<\/li>\n<\/ol>\n\n\n\n<p><strong>Pourquoi choisir les services d&#039;importation et d&#039;exportation de donn\u00e9es de Konnect International\u00a0?<\/strong><\/p>\n\n\n\n<ul class=\"wp-block-list\">\n<li><strong>Pr\u00e9cision<\/strong>:Nos donn\u00e9es proviennent de sources commerciales internationales fiables et v\u00e9rifi\u00e9es, garantissant exactitude et fiabilit\u00e9.<\/li>\n\n\n\n<li><strong>Personnalisation<\/strong>:Des rapports et des informations sur mesure pour r\u00e9pondre \u00e0 vos objectifs commerciaux sp\u00e9cifiques.<\/li>\n\n\n\n<li><strong>Analyse d&#039;expert<\/strong>:B\u00e9n\u00e9ficiez de notre \u00e9quipe d&#039;experts qui fournissent une analyse et une interpr\u00e9tation pr\u00e9cieuses des donn\u00e9es.<\/li>\n\n\n\n<li><strong>Couverture mondiale<\/strong>:Acc\u00e9dez aux donn\u00e9es de diff\u00e9rents pays et secteurs pour soutenir vos strat\u00e9gies commerciales mondiales.<\/li>\n\n\n\n<li><strong>S\u00e9curit\u00e9 des donn\u00e9es<\/strong>:Nous accordons la priorit\u00e9 \u00e0 la s\u00e9curit\u00e9 et \u00e0 la confidentialit\u00e9 de vos donn\u00e9es.<\/li>\n<\/ul>\n\n\n\n<p><strong>Comment acheter des donn\u00e9es<\/strong><\/p>\n\n\n\n<p>L&#039;achat de donn\u00e9es d&#039;importation et d&#039;exportation aupr\u00e8s de Konnect International est simple\u00a0:<\/p>\n\n\n\n<ol class=\"wp-block-list\">\n<li><strong>Parcourez notre catalogue de donn\u00e9es<\/strong>:Explorez notre catalogue de donn\u00e9es pour trouver les ensembles de donn\u00e9es sp\u00e9cifiques dont vous avez besoin.<\/li>\n\n\n\n<li><strong>Demander un devis<\/strong>: Contactez-nous pour demander un devis pour les donn\u00e9es dont vous avez besoin. Notre \u00e9quipe vous fournira les tarifs et les d\u00e9tails de livraison.<\/li>\n\n\n\n<li><strong>Paiement s\u00e9curis\u00e9<\/strong>:Une fois le devis re\u00e7u, effectuez un paiement s\u00e9curis\u00e9 pour acc\u00e9der aux donn\u00e9es.<\/li>\n\n\n\n<li><strong>Recevoir des donn\u00e9es<\/strong>:D\u00e8s confirmation de votre paiement, vous recevrez les donn\u00e9es dans votre format pr\u00e9f\u00e9r\u00e9.<\/li>\n<\/ol>\n\n\n\n<p><strong>Contactez-nous<\/strong><\/p>\n\n\n\n<p>Si vous avez des questions ou si vous avez besoin d&#039;aide pour acheter des donn\u00e9es d&#039;importation et d&#039;exportation, n&#039;h\u00e9sitez pas \u00e0 contacter notre \u00e9quipe d\u00e9di\u00e9e \u00e0 l&#039;adresse [Ins\u00e9rer les coordonn\u00e9es]. Nous sommes l\u00e0 pour vous accompagner dans vos efforts commerciaux internationaux et vous fournir les informations bas\u00e9es sur les donn\u00e9es dont vous avez besoin.<\/p>\n\n\n\n<p>Commencez \u00e0 exploiter la puissance des donn\u00e9es pour prendre des d\u00e9cisions \u00e9clair\u00e9es et exceller sur le march\u00e9 mondial avec les services de donn\u00e9es d&#039;importation et d&#039;exportation de Konnect International\u00a0!<\/p>","protected":false},"excerpt":{"rendered":"<p>Welcome to Konnect International&#8217;s Import and Export Data Services! Are you looking for valuable insights to enhance your international business &#8230; <\/p>\n<p class=\"read-more-container\"><a title=\"Acheter des donn\u00e9es d&#039;import-export\" class=\"read-more button\" href=\"https:\/\/www.konnectinternational.com\/fr\/acheter-importer-exporter-des-donnees\/#more-225\" aria-label=\"En savoir plus sur Buy Import Export Data\">Article complet<\/a><\/p>","protected":false},"author":1,"featured_media":0,"parent":0,"menu_order":0,"comment_status":"closed","ping_status":"closed","template":"","meta":{"footnotes":""},"class_list":["post-225","page","type-page","status-publish"],"_links":{"self":[{"href":"https:\/\/www.konnectinternational.com\/fr\/wp-json\/wp\/v2\/pages\/225","targetHints":{"allow":["GET"]}}],"collection":[{"href":"https:\/\/www.konnectinternational.com\/fr\/wp-json\/wp\/v2\/pages"}],"about":[{"href":"https:\/\/www.konnectinternational.com\/fr\/wp-json\/wp\/v2\/types\/page"}],"author":[{"embeddable":true,"href":"https:\/\/www.konnectinternational.com\/fr\/wp-json\/wp\/v2\/users\/1"}],"replies":[{"embeddable":true,"href":"https:\/\/www.konnectinternational.com\/fr\/wp-json\/wp\/v2\/comments?post=225"}],"version-history":[{"count":3,"href":"https:\/\/www.konnectinternational.com\/fr\/wp-json\/wp\/v2\/pages\/225\/revisions"}],"predecessor-version":[{"id":245,"href":"https:\/\/www.konnectinternational.com\/fr\/wp-json\/wp\/v2\/pages\/225\/revisions\/245"}],"wp:attachment":[{"href":"https:\/\/www.konnectinternational.com\/fr\/wp-json\/wp\/v2\/media?parent=225"}],"curies":[{"name":"wp","href":"https:\/\/api.w.org\/{rel}","templated":true}]}}