{"id":198,"date":"2024-01-11T14:18:31","date_gmt":"2024-01-11T08:48:31","guid":{"rendered":"https:\/\/www.konnectinternational.com\/?page_id=198"},"modified":"2024-01-23T14:02:52","modified_gmt":"2024-01-23T08:32:52","slug":"terms-and-conditions","status":"publish","type":"page","link":"https:\/\/www.konnectinternational.com\/fr\/termes-et-conditions\/","title":{"rendered":"Termes et conditions"},"content":{"rendered":"<p><strong>Bienvenue \u00e0\u00a0<a href=\"https:\/\/www.konnectinternational.com\/fr\/\">Konnect International<\/a><\/strong><\/p>\n\n\n\n<p>Ces termes et conditions d\u00e9crivent les r\u00e8gles et r\u00e9glementations relatives \u00e0 l&#039;utilisation du site Web international de Konnect, situ\u00e9 \u00e0 l&#039;adresse\u00a0<a href=\"https:\/\/www.konnectinternational.com\/fr\/\">https:\/\/www.konnectinternational.com<\/a>.<\/p>\n\n\n\n<p>En acc\u00e9dant \u00e0 ce site Web, nous supposons que vous acceptez ces conditions g\u00e9n\u00e9rales. N&#039;utilisez pas Konnect International si vous n&#039;acceptez pas toutes les conditions g\u00e9n\u00e9rales \u00e9nonc\u00e9es sur cette page.<\/p>\n\n\n\n<p>La terminologie suivante s&#039;applique aux pr\u00e9sentes Conditions g\u00e9n\u00e9rales, \u00e0 la D\u00e9claration de confidentialit\u00e9 et \u00e0 l&#039;Avis de non-responsabilit\u00e9 ainsi qu&#039;\u00e0 tous les accords : \u00ab Client \u00bb, \u00ab Vous \u00bb et \u00ab Votre \u00bb font r\u00e9f\u00e9rence \u00e0 vous, la personne qui se connecte sur ce site Web et qui se conforme aux conditions g\u00e9n\u00e9rales de la Soci\u00e9t\u00e9. \u00ab La Soci\u00e9t\u00e9 \u00bb, \u00ab Nous-m\u00eames \u00bb, \u00ab Nous \u00bb, \u00ab Notre \u00bb et \u00ab Nos \u00bb font r\u00e9f\u00e9rence \u00e0 notre Soci\u00e9t\u00e9. \u00ab Partie \u00bb, \u00ab Parties \u00bb ou \u00ab Nous \u00bb font r\u00e9f\u00e9rence \u00e0 la fois au Client et \u00e0 nous-m\u00eames. Tous les termes font r\u00e9f\u00e9rence \u00e0 l&#039;offre, \u00e0 l&#039;acceptation et \u00e0 la prise en compte du paiement n\u00e9cessaire pour entreprendre le processus de notre assistance au Client de la mani\u00e8re la plus appropri\u00e9e dans le but expr\u00e8s de r\u00e9pondre aux besoins du Client en ce qui concerne la fourniture des services indiqu\u00e9s par la Soci\u00e9t\u00e9, conform\u00e9ment et sous r\u00e9serve de la loi en vigueur aux Pays-Bas. Toute utilisation de la terminologie ci-dessus ou d&#039;autres mots au singulier, au pluriel, en majuscules et\/ou il\/elle ou ils, sont consid\u00e9r\u00e9s comme interchangeables et donc comme faisant r\u00e9f\u00e9rence \u00e0 la m\u00eame chose.<\/p>\n\n\n\n<h3 class=\"wp-block-heading\"><strong>Cookies<\/strong><\/h3>\n\n\n\n<p>Nous utilisons des cookies. En acc\u00e9dant \u00e0 Konnect International, vous acceptez l&#039;utilisation de cookies conform\u00e9ment \u00e0 la politique de confidentialit\u00e9 de Konnect International.<\/p>\n\n\n\n<p>La plupart des sites Web interactifs utilisent des cookies pour nous permettre de r\u00e9cup\u00e9rer les informations de l&#039;utilisateur \u00e0 chaque visite. Les cookies sont utilis\u00e9s par notre site Web pour activer la fonctionnalit\u00e9 de certaines zones afin de faciliter la visite de notre site Web par les personnes. Certains de nos partenaires affili\u00e9s\/publicitaires peuvent \u00e9galement utiliser des cookies.<\/p>\n\n\n\n<h3 class=\"wp-block-heading\"><strong>Licence<\/strong><\/h3>\n\n\n\n<p>Sauf mention contraire, Konnect International et\/ou ses conc\u00e9dants de licence d\u00e9tiennent les droits de propri\u00e9t\u00e9 intellectuelle sur tout le mat\u00e9riel de Konnect International. Tous les droits de propri\u00e9t\u00e9 intellectuelle sont r\u00e9serv\u00e9s. Vous pouvez y acc\u00e9der \u00e0 partir de Konnect International pour votre usage personnel, sous r\u00e9serve des restrictions d\u00e9finies dans les pr\u00e9sentes conditions g\u00e9n\u00e9rales.<\/p>\n\n\n\n<p>Vous ne devez pas :<\/p>\n\n\n\n<ul class=\"wp-block-list\">\n<li>R\u00e9\u00e9diter le mat\u00e9riel de Konnect International<\/li>\n\n\n\n<li>Vendre, louer ou sous-licencier du mat\u00e9riel de Konnect International<\/li>\n\n\n\n<li>Reproduire, dupliquer ou copier du mat\u00e9riel de Konnect International<\/li>\n\n\n\n<li>Redistribuer le contenu de Konnect International<\/li>\n<\/ul>\n\n\n\n<p>Le pr\u00e9sent accord entrera en vigueur \u00e0 la date des pr\u00e9sentes.<\/p>\n\n\n\n<p>Certaines parties de ce site Web offrent aux utilisateurs la possibilit\u00e9 de publier et d&#039;\u00e9changer des opinions et des informations dans certaines zones du site Web. Konnect International ne filtre, n&#039;\u00e9dite, ne publie ni ne r\u00e9vise les commentaires avant leur pr\u00e9sence sur le site Web. Les commentaires ne refl\u00e8tent pas les points de vue et les opinions de Konnect International, de ses agents et\/ou de ses soci\u00e9t\u00e9s affili\u00e9es. Les commentaires refl\u00e8tent les points de vue et les opinions de la personne qui publie ses points de vue et ses opinions. Dans la mesure permise par les lois applicables, Konnect International ne sera pas responsable des commentaires ou de toute responsabilit\u00e9, dommages ou d\u00e9penses caus\u00e9s et\/ou subis \u00e0 la suite de toute utilisation et\/ou publication et\/ou apparition des commentaires sur ce site Web.<\/p>\n\n\n\n<p>Konnect International se r\u00e9serve le droit de surveiller tous les commentaires et de supprimer tout commentaire qui peut \u00eatre consid\u00e9r\u00e9 comme inappropri\u00e9, offensant ou entra\u00eenant une violation des pr\u00e9sentes conditions g\u00e9n\u00e9rales.<\/p>\n\n\n\n<p>Vous garantissez et d\u00e9clarez que :<\/p>\n\n\n\n<ul class=\"wp-block-list\">\n<li>Vous avez le droit de publier des commentaires sur notre site Web et disposez de toutes les licences et consentements n\u00e9cessaires pour le faire\u00a0;<\/li>\n\n\n\n<li>Les commentaires n&#039;enfreignent aucun droit de propri\u00e9t\u00e9 intellectuelle, y compris, sans limitation, le droit d&#039;auteur, le brevet ou la marque d\u00e9pos\u00e9e de tout tiers ;<\/li>\n\n\n\n<li>Les commentaires ne contiennent aucun contenu diffamatoire, calomnieux, offensant, ind\u00e9cent ou autrement ill\u00e9gal qui constitue une atteinte \u00e0 la vie priv\u00e9e.<\/li>\n\n\n\n<li>Les commentaires ne seront pas utilis\u00e9s pour solliciter ou promouvoir des affaires ou des coutumes, ni pour pr\u00e9senter des activit\u00e9s commerciales ou des activit\u00e9s ill\u00e9gales.<\/li>\n<\/ul>\n\n\n\n<p>Vous accordez par la pr\u00e9sente \u00e0 Konnect International une licence non exclusive pour utiliser, reproduire, \u00e9diter et autoriser des tiers \u00e0 utiliser, reproduire et \u00e9diter n&#039;importe lequel de vos commentaires sous toutes les formes, formats ou supports.<\/p>\n\n\n\n<h3 class=\"wp-block-heading\"><strong>Hyperliens vers notre contenu<\/strong><\/h3>\n\n\n\n<p>Les organisations suivantes peuvent cr\u00e9er un lien vers notre site Web sans autorisation \u00e9crite pr\u00e9alable\u00a0:<\/p>\n\n\n\n<ul class=\"wp-block-list\">\n<li>Organismes gouvernementaux;<\/li>\n\n\n\n<li>Moteurs de recherche;<\/li>\n\n\n\n<li>Organismes de presse;<\/li>\n\n\n\n<li>Les distributeurs d&#039;annuaires en ligne peuvent cr\u00e9er un lien vers notre site Web de la m\u00eame mani\u00e8re qu&#039;ils cr\u00e9ent un lien hypertexte vers les sites Web d&#039;autres entreprises r\u00e9pertori\u00e9es\u00a0; et<\/li>\n\n\n\n<li>Entreprises accr\u00e9dit\u00e9es \u00e0 l&#039;\u00e9chelle du syst\u00e8me, \u00e0 l&#039;exception des organisations \u00e0 but non lucratif, des centres commerciaux caritatifs et des groupes de collecte de fonds caritatifs qui ne peuvent pas cr\u00e9er de lien hypertexte vers notre site Web.<\/li>\n<\/ul>\n\n\n\n<p>Ces organisations peuvent cr\u00e9er des liens vers notre page d&#039;accueil, vers des publications ou vers d&#039;autres informations du site Web \u00e0 condition que le lien : (a) ne soit en aucun cas trompeur ; (b) n&#039;implique pas faussement un parrainage, une approbation ou une approbation de la partie qui \u00e9tablit le lien et de ses produits et\/ou services ; et (c) s&#039;inscrive dans le contexte du site de la partie qui \u00e9tablit le lien.<\/p>\n\n\n\n<p>Nous pouvons consid\u00e9rer et approuver d\u2019autres demandes de liens provenant des types d\u2019organisations suivants\u00a0:<\/p>\n\n\n\n<ul class=\"wp-block-list\">\n<li>sources d\u2019informations de consommation et\/ou d\u2019affaires commun\u00e9ment connues ;<\/li>\n\n\n\n<li>sites communautaires dot.com\u00a0;<\/li>\n\n\n\n<li>associations ou autres groupes repr\u00e9sentant des \u0153uvres caritatives ;<\/li>\n\n\n\n<li>distributeurs d\u2019annuaires en ligne;<\/li>\n\n\n\n<li>portails Internet;<\/li>\n\n\n\n<li>cabinets d&#039;expertise comptable, d&#039;avocats et de conseil; et<\/li>\n\n\n\n<li>\u00e9tablissements d\u2019enseignement et associations professionnelles.<\/li>\n<\/ul>\n\n\n\n<p>Nous approuverons les demandes de liens de ces organisations si nous d\u00e9cidons que : (a) le lien ne nous ferait pas para\u00eetre d\u00e9favorablement, ni \u00e0 nous-m\u00eames ni \u00e0 nos entreprises accr\u00e9dit\u00e9es ; (b) l&#039;organisation n&#039;a aucun dossier n\u00e9gatif avec nous ; (c) l&#039;avantage pour nous de la visibilit\u00e9 du lien hypertexte compense l&#039;absence de Konnect International, et (d) le lien s&#039;inscrit dans le contexte d&#039;informations g\u00e9n\u00e9rales sur les ressources.<\/p>\n\n\n\n<p>Ces organisations peuvent cr\u00e9er un lien vers notre page d&#039;accueil \u00e0 condition que le lien : (a) ne soit en aucun cas trompeur ; (b) n&#039;implique pas faussement un parrainage, une approbation ou une approbation de la partie qui cr\u00e9e le lien et de ses produits ou services ; et (c) s&#039;int\u00e8gre dans le contexte du site de la partie qui cr\u00e9e le lien.<\/p>\n\n\n\n<p>Si vous faites partie des organisations mentionn\u00e9es au paragraphe 2 ci-dessus et que vous souhaitez cr\u00e9er un lien vers notre site Web, vous devez nous en informer en envoyant un e-mail \u00e0 Konnect International. Veuillez inclure votre nom, le nom de votre organisation, vos coordonn\u00e9es ainsi que l&#039;URL de votre site, une liste des URL \u00e0 partir desquelles vous avez l&#039;intention de cr\u00e9er un lien vers notre site Web et une liste des URL de notre site vers lesquelles vous souhaitez cr\u00e9er un lien. Attendez 2 \u00e0 3 semaines pour obtenir une r\u00e9ponse.<\/p>\n\n\n\n<p>Les organisations approuv\u00e9es peuvent cr\u00e9er un lien hypertexte vers notre site Web comme suit\u00a0:<\/p>\n\n\n\n<ul class=\"wp-block-list\">\n<li>En utilisant notre nom d\u2019entreprise ; ou<\/li>\n\n\n\n<li>En utilisant le localisateur de ressources uniformes auquel il est li\u00e9 ; ou<\/li>\n\n\n\n<li>En utilisant toute autre description de notre site Web li\u00e9 qui a du sens dans le contexte et le format du contenu du site de la partie li\u00e9e.<\/li>\n<\/ul>\n\n\n\n<p>Aucune utilisation du logo Konnect International ou d&#039;autres illustrations ne sera autoris\u00e9e pour la cr\u00e9ation de liens en l&#039;absence d&#039;un accord de licence de marque.<\/p>\n\n\n\n<h3 class=\"wp-block-heading\"><strong>iFrames<\/strong><\/h3>\n\n\n\n<p>Sans autorisation pr\u00e9alable et permission \u00e9crite, vous ne pouvez pas cr\u00e9er de cadres autour de nos pages Web qui modifient de quelque mani\u00e8re que ce soit la pr\u00e9sentation visuelle ou l&#039;apparence de notre site Web.<\/p>\n\n\n\n<h3 class=\"wp-block-heading\"><strong>Responsabilit\u00e9 du contenu<\/strong><\/h3>\n\n\n\n<p>Nous ne pouvons \u00eatre tenus responsables du contenu qui appara\u00eet sur votre site Web. Vous acceptez de nous prot\u00e9ger et de nous d\u00e9fendre contre toutes les r\u00e9clamations qui pourraient survenir sur votre site Web. Aucun lien ne doit appara\u00eetre sur un site Web qui pourrait \u00eatre interpr\u00e9t\u00e9 comme diffamatoire, obsc\u00e8ne ou criminel, ou qui enfreint, viole ou pr\u00e9conise la violation ou toute autre violation des droits d&#039;un tiers.<\/p>\n\n\n\n<h3 class=\"wp-block-heading\"><strong>Votre confidentialit\u00e9<\/strong><\/h3>\n\n\n\n<p>S&#039;il vous pla\u00eet lire <a href=\"https:\/\/www.konnectinternational.com\/fr\/politique-de-confidentialite\/\" data-type=\"page\" data-id=\"3\">politique de confidentialit\u00e9<\/a><\/p>\n\n\n\n<h3 class=\"wp-block-heading\"><strong>R\u00e9serve de droits<\/strong><\/h3>\n\n\n\n<p>Nous nous r\u00e9servons le droit de vous demander de supprimer tous les liens ou tout lien particulier vers notre site Web. Vous acceptez de supprimer imm\u00e9diatement tous les liens vers notre site Web sur demande. Nous nous r\u00e9servons \u00e9galement le droit de modifier ces termes et conditions et notre politique de liens \u00e0 tout moment. En cr\u00e9ant en permanence un lien vers notre site Web, vous acceptez d&#039;\u00eatre li\u00e9 et de suivre ces termes et conditions de liens.<\/p>\n\n\n\n<h3 class=\"wp-block-heading\"><strong>Suppression des liens de notre site Web<\/strong><\/h3>\n\n\n\n<p>Si vous trouvez sur notre site Internet un lien offensant pour une raison quelconque, vous \u00eates libre de nous contacter et de nous en informer \u00e0 tout moment. Nous \u00e9tudierons les demandes de suppression de liens, mais nous ne sommes pas oblig\u00e9s de le faire ou de vous r\u00e9pondre directement.<\/p>\n\n\n\n<p>Nous ne garantissons pas que les informations sur ce site Web sont correctes, nous ne garantissons pas leur exhaustivit\u00e9 ou leur exactitude ; nous ne promettons pas non plus de garantir que le site Web reste disponible ou que le contenu du site Web est tenu \u00e0 jour.<\/p>\n\n\n\n<h3 class=\"wp-block-heading\"><strong>Clause de non-responsabilit\u00e9<\/strong><\/h3>\n\n\n\n<p>Dans la mesure maximale permise par la loi applicable, nous excluons toutes les repr\u00e9sentations, garanties et conditions relatives \u00e0 notre site Web et \u00e0 l&#039;utilisation de ce site Web. Rien dans cette clause de non-responsabilit\u00e9 ne :<\/p>\n\n\n\n<ul class=\"wp-block-list\">\n<li>limiter ou exclure notre ou votre responsabilit\u00e9 en cas de d\u00e9c\u00e8s ou de blessure corporelle\u00a0;<\/li>\n\n\n\n<li>limiter ou exclure notre ou votre responsabilit\u00e9 en cas de fraude ou de fausse d\u00e9claration frauduleuse\u00a0;<\/li>\n\n\n\n<li>limiter l\u2019une de nos ou vos responsabilit\u00e9s d\u2019une mani\u00e8re qui n\u2019est pas autoris\u00e9e par la loi applicable\u00a0; ou<\/li>\n\n\n\n<li>exclure l\u2019une quelconque de nos responsabilit\u00e9s ou des v\u00f4tres qui ne peuvent \u00eatre exclues en vertu de la loi applicable.<\/li>\n<\/ul>\n\n\n\n<p>Les limitations et interdictions de responsabilit\u00e9 \u00e9nonc\u00e9es dans la pr\u00e9sente section et ailleurs dans la pr\u00e9sente clause de non-responsabilit\u00e9 : (a) sont soumises au paragraphe pr\u00e9c\u00e9dent ; et (b) r\u00e9gissent toutes les responsabilit\u00e9s d\u00e9coulant de la clause de non-responsabilit\u00e9, y compris les responsabilit\u00e9s contractuelles, d\u00e9lictuelles et pour manquement \u00e0 une obligation l\u00e9gale.<\/p>\n\n\n\n<p>Tant que le site Web et les informations et services sur le site Web sont fournis gratuitement, nous ne serons pas responsables de toute perte ou dommage de quelque nature que ce soit.<\/p>\n\n\n\n<h2 class=\"wp-block-heading\">Contactez-nous<\/h2>\n\n\n\n<p>Si vous avez des questions ou des suggestions concernant nos conditions g\u00e9n\u00e9rales, n&#039;h\u00e9sitez pas \u00e0 nous contacter.\u00a0<a href=\"https:\/\/www.konnectinternational.com\/fr\/contactez-nous\/\">Contactez-nous<\/a>.<\/p>","protected":false},"excerpt":{"rendered":"<p>Welcome to\u00a0Konnect International These terms and conditions outline the rules and regulations for the use of Konnect International Website, located &#8230; <\/p>\n<p class=\"read-more-container\"><a title=\"Termes et conditions\" class=\"read-more button\" href=\"https:\/\/www.konnectinternational.com\/fr\/termes-et-conditions\/#more-198\" aria-label=\"En savoir plus sur Terms and Conditions\">Article complet<\/a><\/p>","protected":false},"author":1,"featured_media":0,"parent":0,"menu_order":0,"comment_status":"closed","ping_status":"closed","template":"","meta":{"footnotes":""},"class_list":["post-198","page","type-page","status-publish"],"_links":{"self":[{"href":"https:\/\/www.konnectinternational.com\/fr\/wp-json\/wp\/v2\/pages\/198","targetHints":{"allow":["GET"]}}],"collection":[{"href":"https:\/\/www.konnectinternational.com\/fr\/wp-json\/wp\/v2\/pages"}],"about":[{"href":"https:\/\/www.konnectinternational.com\/fr\/wp-json\/wp\/v2\/types\/page"}],"author":[{"embeddable":true,"href":"https:\/\/www.konnectinternational.com\/fr\/wp-json\/wp\/v2\/users\/1"}],"replies":[{"embeddable":true,"href":"https:\/\/www.konnectinternational.com\/fr\/wp-json\/wp\/v2\/comments?post=198"}],"version-history":[{"count":5,"href":"https:\/\/www.konnectinternational.com\/fr\/wp-json\/wp\/v2\/pages\/198\/revisions"}],"predecessor-version":[{"id":774,"href":"https:\/\/www.konnectinternational.com\/fr\/wp-json\/wp\/v2\/pages\/198\/revisions\/774"}],"wp:attachment":[{"href":"https:\/\/www.konnectinternational.com\/fr\/wp-json\/wp\/v2\/media?parent=198"}],"curies":[{"name":"wp","href":"https:\/\/api.w.org\/{rel}","templated":true}]}}