{"id":3,"date":"2024-01-11T07:38:28","date_gmt":"2024-01-11T07:38:28","guid":{"rendered":"https:\/\/www.konnectinternational.com\/?page_id=3"},"modified":"2024-01-23T14:19:47","modified_gmt":"2024-01-23T08:49:47","slug":"privacy-policy","status":"publish","type":"page","link":"https:\/\/www.konnectinternational.com\/es\/politica-de-privacidad\/","title":{"rendered":"pol\u00edtica de privacidad"},"content":{"rendered":"<h2 class=\"wp-block-heading\">Pol\u00edtica de privacidad de Konnect International<\/h2>\n\n\n\n<p>En <strong>Con\u00e9ctese internacionalmente<\/strong>, accesible desde <a href=\"https:\/\/www.konnectinternational.com\/es\/\">https:\/\/www.konnectinternational.com<\/a>Una de nuestras principales prioridades es la privacidad de nuestros visitantes. Este documento de Pol\u00edtica de privacidad contiene los tipos de informaci\u00f3n que Konnect International recopila y registra y c\u00f3mo la utilizamos.<\/p>\n\n\n\n<p>Si tiene preguntas adicionales o necesita m\u00e1s informaci\u00f3n sobre nuestra Pol\u00edtica de privacidad, no dude en contactarnos.<\/p>\n\n\n\n<p>Esta Pol\u00edtica de Privacidad se aplica \u00fanicamente a nuestras actividades en l\u00ednea y es v\u00e1lida para los visitantes de nuestro sitio web en relaci\u00f3n con la informaci\u00f3n que comparten y\/o recopilan en Konnect International. Esta pol\u00edtica no se aplica a ninguna informaci\u00f3n recopilada fuera de l\u00ednea o a trav\u00e9s de canales distintos a este sitio web.<\/p>\n\n\n\n<h2 class=\"wp-block-heading\">Consentir<\/h2>\n\n\n\n<p>Al utilizar nuestro sitio web, usted acepta nuestra Pol\u00edtica de privacidad y acepta sus t\u00e9rminos.<\/p>\n\n\n\n<h2 class=\"wp-block-heading\">Informaci\u00f3n que recopilamos<\/h2>\n\n\n\n<p>La informaci\u00f3n personal que se le solicita que proporcione, y las razones por las cuales se le solicita que la proporcione, se le aclarar\u00e1n en el momento en que le solicitemos que proporcione su informaci\u00f3n personal.<\/p>\n\n\n\n<p>Si se comunica con nosotros directamente, es posible que recibamos informaci\u00f3n adicional sobre usted, como su nombre, direcci\u00f3n de correo electr\u00f3nico, n\u00famero de tel\u00e9fono, el contenido del mensaje y\/o archivos adjuntos que pueda enviarnos y cualquier otra informaci\u00f3n que elija proporcionar.<\/p>\n\n\n\n<p>Cuando se registra para una Cuenta, podemos solicitarle su informaci\u00f3n de contacto, incluidos elementos como nombre, nombre de la empresa, direcci\u00f3n, direcci\u00f3n de correo electr\u00f3nico y n\u00famero de tel\u00e9fono.<\/p>\n\n\n\n<h2 class=\"wp-block-heading\">C\u00f3mo utilizamos su informaci\u00f3n<\/h2>\n\n\n\n<p>Utilizamos la informaci\u00f3n que recopilamos de varias maneras, entre ellas:<\/p>\n\n\n\n<ul class=\"wp-block-list\">\n<li>Proporcionar, operar y mantener nuestro sitio web<\/li>\n\n\n\n<li>Mejorar, personalizar y ampliar nuestro sitio web<\/li>\n\n\n\n<li>Comprender y analizar c\u00f3mo utiliza nuestro sitio web<\/li>\n\n\n\n<li>Desarrollar nuevos productos, servicios, caracter\u00edsticas y funcionalidades.<\/li>\n\n\n\n<li>Comunicarnos con usted, ya sea directamente o a trav\u00e9s de uno de nuestros socios, incluso para servicio al cliente, para brindarle actualizaciones y otra informaci\u00f3n relacionada con el sitio web, y para fines de marketing y promoci\u00f3n.<\/li>\n\n\n\n<li>Enviarle correos electr\u00f3nicos<\/li>\n\n\n\n<li>Detectar y prevenir el fraude<\/li>\n<\/ul>\n\n\n\n<h2 class=\"wp-block-heading\">Archivos de registro<\/h2>\n\n\n\n<p>Konnect International sigue un procedimiento est\u00e1ndar de uso de archivos de registro. Estos archivos registran a los visitantes cuando visitan sitios web. Todas las empresas de alojamiento lo hacen y forman parte de los an\u00e1lisis de los servicios de alojamiento. La informaci\u00f3n recopilada por los archivos de registro incluye direcciones de protocolo de Internet (IP), tipo de navegador, proveedor de servicios de Internet (ISP), sello de fecha y hora, p\u00e1ginas de referencia\/salida y, posiblemente, la cantidad de clics. Estos no est\u00e1n vinculados a ninguna informaci\u00f3n de identificaci\u00f3n personal. El prop\u00f3sito de la informaci\u00f3n es analizar tendencias, administrar el sitio, rastrear el movimiento de los usuarios en el sitio web y recopilar informaci\u00f3n demogr\u00e1fica.<\/p>\n\n\n\n<h2 class=\"wp-block-heading\">Cookies y balizas web<\/h2>\n\n\n\n<p>Al igual que cualquier otro sitio web, Konnect International utiliza \u201ccookies\u201d. Estas cookies se utilizan para almacenar informaci\u00f3n, incluidas las preferencias de los visitantes y las p\u00e1ginas del sitio web a las que accedieron o visitaron. La informaci\u00f3n se utiliza para optimizar la experiencia de los usuarios personalizando el contenido de nuestra p\u00e1gina web en funci\u00f3n del tipo de navegador de los visitantes y\/u otra informaci\u00f3n.<\/p>\n\n\n\n<h2 class=\"wp-block-heading\">Cookie de Google DoubleClick DART<\/h2>\n\n\n\n<p>Google es uno de los proveedores externos de nuestro sitio. Tambi\u00e9n utiliza cookies, conocidas como cookies de DART, para mostrar anuncios a los visitantes de nuestro sitio en funci\u00f3n de su visita a www.website.com y otros sitios de Internet. Sin embargo, los visitantes pueden optar por rechazar el uso de cookies de DART visitando la Pol\u00edtica de privacidad de la red de contenido y anuncios de Google en la siguiente URL:&nbsp;<a href=\"https:\/\/policies.google.com\/technologies\/ads\" target=\"_blank\" rel=\"noreferrer noopener\">https:\/\/policies.google.com\/technologies\/ads<\/a><\/p>\n\n\n\n<h2 class=\"wp-block-heading\">Nuestros socios publicitarios<\/h2>\n\n\n\n<p>Algunos de los anunciantes de nuestro sitio pueden utilizar cookies y balizas web. Nuestros socios publicitarios se enumeran a continuaci\u00f3n. Cada uno de nuestros socios publicitarios tiene su propia Pol\u00edtica de privacidad para sus pol\u00edticas sobre datos de usuario. Para un acceso m\u00e1s f\u00e1cil, hemos incluido hiperv\u00ednculos a sus Pol\u00edticas de privacidad a continuaci\u00f3n.<\/p>\n\n\n\n<ul class=\"wp-block-list\">\n<li>Google&nbsp;<a href=\"https:\/\/policies.google.com\/technologies\/ads\" target=\"_blank\" rel=\"noreferrer noopener\">https:\/\/policies.google.com\/technologies\/ads<\/a><\/li>\n<\/ul>\n\n\n\n<h2 class=\"wp-block-heading\">Pol\u00edticas de privacidad de los socios publicitarios<\/h2>\n\n\n\n<p>Puede consultar esta lista para encontrar la Pol\u00edtica de privacidad de cada uno de los socios publicitarios de Konnect International.<\/p>\n\n\n\n<p>Los servidores de anuncios o redes publicitarias de terceros utilizan tecnolog\u00edas como cookies, JavaScript o Web Beacons que se utilizan en sus respectivos anuncios y enlaces que aparecen en Konnect International, que se env\u00edan directamente al navegador de los usuarios. Reciben autom\u00e1ticamente su direcci\u00f3n IP cuando esto ocurre. Estas tecnolog\u00edas se utilizan para medir la eficacia de sus campa\u00f1as publicitarias y\/o para personalizar el contenido publicitario que ve en los sitios web que visita.<\/p>\n\n\n\n<p>Tenga en cuenta que Konnect International no tiene acceso ni control sobre estas cookies que utilizan los anunciantes de terceros.<\/p>\n\n\n\n<h2 class=\"wp-block-heading\">Pol\u00edticas de privacidad de terceros<\/h2>\n\n\n\n<p>La Pol\u00edtica de privacidad de Konnect International no se aplica a otros anunciantes ni a otros sitios web. Por lo tanto, le recomendamos que consulte las pol\u00edticas de privacidad de estos servidores de anuncios de terceros para obtener informaci\u00f3n m\u00e1s detallada. Puede incluir sus pr\u00e1cticas e instrucciones sobre c\u00f3mo inhabilitar determinadas opciones.<\/p>\n\n\n\n<p>Puede optar por desactivar las cookies a trav\u00e9s de las opciones de su navegador. Para conocer informaci\u00f3n m\u00e1s detallada sobre la gesti\u00f3n de cookies con navegadores web espec\u00edficos, puede consultar los sitios web respectivos de cada navegador.<\/p>\n\n\n\n<h2 class=\"wp-block-heading\">Derechos de privacidad de la CCPA (No vender mi informaci\u00f3n personal)<\/h2>\n\n\n\n<p>Seg\u00fan la CCPA, entre otros derechos, los consumidores de California tienen derecho a:<\/p>\n\n\n\n<p>Solicitar que una empresa que recopila datos personales de un consumidor divulgue las categor\u00edas y los datos personales espec\u00edficos que una empresa ha recopilado sobre los consumidores.<\/p>\n\n\n\n<p>Solicitar que una empresa elimine cualquier dato personal sobre el consumidor que haya recopilado.<\/p>\n\n\n\n<p>Solicitar que una empresa que vende datos personales de un consumidor, no venda dichos datos personales.<\/p>\n\n\n\n<p>Si realiza una solicitud, tenemos un mes para responderle. Si desea ejercer alguno de estos derechos, p\u00f3ngase en contacto con nosotros.<\/p>\n\n\n\n<h2 class=\"wp-block-heading\">Derechos de protecci\u00f3n de datos del RGPD<\/h2>\n\n\n\n<p>Queremos asegurarnos de que usted conozca plenamente sus derechos en materia de protecci\u00f3n de datos. Todo usuario tiene derecho a lo siguiente:<\/p>\n\n\n\n<p>Derecho de acceso: tiene derecho a solicitar copias de sus datos personales. Es posible que le cobremos una peque\u00f1a tarifa por este servicio.<\/p>\n\n\n\n<p>Derecho de rectificaci\u00f3n: Tiene derecho a solicitar que corrijamos cualquier informaci\u00f3n que considere inexacta. Tambi\u00e9n tiene derecho a solicitar que completemos la informaci\u00f3n que considere incompleta.<\/p>\n\n\n\n<p>El derecho al borrado: Usted tiene derecho a solicitar que borremos sus datos personales, bajo ciertas condiciones.<\/p>\n\n\n\n<p>El derecho a restringir el procesamiento: tiene derecho a solicitar que restrinjamos el procesamiento de sus datos personales, bajo ciertas condiciones.<\/p>\n\n\n\n<p>El derecho a oponerse al procesamiento: usted tiene derecho a oponerse a que procesemos sus datos personales, bajo ciertas condiciones.<\/p>\n\n\n\n<p>El derecho a la portabilidad de datos: Usted tiene derecho a solicitar que transfiramos los datos que hemos recopilado a otra organizaci\u00f3n, o directamente a usted, bajo ciertas condiciones.<\/p>\n\n\n\n<p>Si realiza una solicitud, tenemos un mes para responderle. Si desea ejercer alguno de estos derechos, p\u00f3ngase en contacto con nosotros.<\/p>\n\n\n\n<h2 class=\"wp-block-heading\">Informaci\u00f3n para ni\u00f1os<\/h2>\n\n\n\n<p>Otra parte de nuestra prioridad es agregar protecci\u00f3n para los ni\u00f1os mientras usan Internet. Animamos a los padres y tutores a observar, participar y\/o supervisar y guiar su actividad en l\u00ednea.<\/p>\n\n\n\n<p>Konnect International no recopila deliberadamente informaci\u00f3n personal identificable de ni\u00f1os menores de 13 a\u00f1os. Si cree que su hijo proporcion\u00f3 este tipo de informaci\u00f3n en nuestro sitio web, le recomendamos encarecidamente que se comunique con nosotros de inmediato y haremos todo lo posible para eliminar r\u00e1pidamente dicha informaci\u00f3n de nuestros registros.<\/p>\n\n\n\n<h2 class=\"wp-block-heading\">Cambios a esta Pol\u00edtica de Privacidad<\/h2>\n\n\n\n<p>Es posible que actualicemos nuestra Pol\u00edtica de privacidad de vez en cuando. Por lo tanto, le recomendamos que revise esta p\u00e1gina peri\u00f3dicamente para conocer los cambios. Le notificaremos sobre cualquier cambio publicando la nueva Pol\u00edtica de privacidad en esta p\u00e1gina. Estos cambios entran en vigencia inmediatamente despu\u00e9s de su publicaci\u00f3n en esta p\u00e1gina.<\/p>\n\n\n\n<h2 class=\"wp-block-heading\">Cont\u00e1ctenos<\/h2>\n\n\n\n<p>Si tiene alguna pregunta o sugerencia sobre nuestra Pol\u00edtica de Privacidad, no dude en contactarnos. <a href=\"https:\/\/www.konnectinternational.com\/es\/contactenos\/\">Cont\u00e1ctenos<\/a>.<\/p>","protected":false},"excerpt":{"rendered":"<p>Privacy Policy for Konnect International At Konnect International, accessible from https:\/\/www.konnectinternational.com, one of our main priorities is the privacy of &#8230; <\/p>\n<p class=\"read-more-container\"><a title=\"pol\u00edtica de privacidad\" class=\"read-more button\" href=\"https:\/\/www.konnectinternational.com\/es\/politica-de-privacidad\/#more-3\" aria-label=\"Leer m\u00e1s sobre Privacy Policy\">Art\u00edculo completo<\/a><\/p>","protected":false},"author":1,"featured_media":0,"parent":0,"menu_order":0,"comment_status":"closed","ping_status":"open","template":"","meta":{"footnotes":""},"class_list":["post-3","page","type-page","status-publish"],"_links":{"self":[{"href":"https:\/\/www.konnectinternational.com\/es\/wp-json\/wp\/v2\/pages\/3","targetHints":{"allow":["GET"]}}],"collection":[{"href":"https:\/\/www.konnectinternational.com\/es\/wp-json\/wp\/v2\/pages"}],"about":[{"href":"https:\/\/www.konnectinternational.com\/es\/wp-json\/wp\/v2\/types\/page"}],"author":[{"embeddable":true,"href":"https:\/\/www.konnectinternational.com\/es\/wp-json\/wp\/v2\/users\/1"}],"replies":[{"embeddable":true,"href":"https:\/\/www.konnectinternational.com\/es\/wp-json\/wp\/v2\/comments?post=3"}],"version-history":[{"count":7,"href":"https:\/\/www.konnectinternational.com\/es\/wp-json\/wp\/v2\/pages\/3\/revisions"}],"predecessor-version":[{"id":776,"href":"https:\/\/www.konnectinternational.com\/es\/wp-json\/wp\/v2\/pages\/3\/revisions\/776"}],"wp:attachment":[{"href":"https:\/\/www.konnectinternational.com\/es\/wp-json\/wp\/v2\/media?parent=3"}],"curies":[{"name":"wp","href":"https:\/\/api.w.org\/{rel}","templated":true}]}}