{"id":34,"date":"2024-01-08T23:40:53","date_gmt":"2024-01-08T18:10:53","guid":{"rendered":"https:\/\/gpsites.co\/marketer\/?page_id=34"},"modified":"2024-01-11T15:06:36","modified_gmt":"2024-01-11T09:36:36","slug":"about-us","status":"publish","type":"page","link":"https:\/\/www.konnectinternational.com\/de\/uber-uns\/","title":{"rendered":"\u00dcber uns"},"content":{"rendered":"<p>Bei <strong>Konnect International<\/strong>Wir haben es uns zur Aufgabe gemacht, L\u00fccken zu schlie\u00dfen und wichtige Verbindungen aufzubauen. Wir sind ein dynamisches und innovatives globales Unternehmen, das sich auf die F\u00f6rderung internationaler Kooperationen, Partnerschaften und Gesch\u00e4ftsvorhaben spezialisiert hat.<\/p>\n\n\n\n<p><strong>Unsere Mission<\/strong> Unsere Mission ist es, Organisationen, Unternehmern und Einzelpersonen die M\u00f6glichkeit zu geben, ihren Horizont zu erweitern, neue M\u00f6glichkeiten zu erkunden und sinnvolle Beziehungen \u00fcber Grenzen hinweg aufzubauen. Wir glauben, dass die Welt vernetzt ist und dass wir durch die Zusammenf\u00fchrung von Menschen und Unternehmen eine bessere und erfolgreichere Zukunft schaffen k\u00f6nnen.<\/p>\n\n\n\n<p><strong>Was uns auszeichnet<\/strong><\/p>\n\n\n\n<ul class=\"wp-block-list\">\n<li><strong>Globale Reichweite<\/strong>: Dank unserer Pr\u00e4senz in \u00fcber 50 L\u00e4ndern k\u00f6nnen wir dank unseres ausgedehnten globalen Netzwerks ma\u00dfgeschneiderte L\u00f6sungen bereitstellen, die Ihren individuellen Anforderungen gerecht werden \u2013 ganz gleich, wo Sie sich befinden.<\/li>\n\n\n\n<li><strong>Sachverstand<\/strong>: Unser Team besteht aus erfahrenen Fachleuten mit einem umfassenden Verst\u00e4ndnis internationaler M\u00e4rkte, Vorschriften und kultureller Nuancen. Wir bieten Ihnen auf jedem Schritt Ihrer internationalen Reise fachkundige Beratung und Unterst\u00fctzung.<\/li>\n\n\n\n<li><strong>Innovation<\/strong>: Wir nutzen die neuesten Technologien und Strategien, um sicherzustellen, dass Sie in einer sich schnell entwickelnden globalen Landschaft die Nase vorn behalten. Unsere innovativen L\u00f6sungen sind darauf ausgelegt, Ihr Potenzial zu maximieren.<\/li>\n<\/ul>\n\n\n\n<p><strong>Unsere Dienste<\/strong><\/p>\n\n\n\n<ul class=\"wp-block-list\">\n<li><strong>Gesch\u00e4ftsentwicklung<\/strong>: Wir helfen Ihnen dabei, neue Gesch\u00e4ftsm\u00f6glichkeiten zu erkennen und zu nutzen, sei es bei der Expansion in Schwellenm\u00e4rkte, der Suche nach strategischen Partnern oder der Gr\u00fcndung neuer Unternehmen.<\/li>\n\n\n\n<li><strong>Markteintritt<\/strong>: Die Navigation in unbekannten M\u00e4rkten kann eine Herausforderung sein. Wir bieten Marktforschung, Markteintrittsstrategien und regulatorische Unterst\u00fctzung, um Ihnen zum Erfolg zu verhelfen.<\/li>\n\n\n\n<li><strong>Handel und Investitionen<\/strong>: Wir erleichtern Handels- und Investitionsgesch\u00e4fte, indem wir K\u00e4ufer und Verk\u00e4ufer, Investoren und Unternehmer zusammenbringen, um Win-Win-Partnerschaften zu schaffen.<\/li>\n\n\n\n<li><strong>Networking und Events<\/strong>: Unsere globalen Events und Networking-Plattformen bieten die M\u00f6glichkeit, mit wichtigen Interessenvertretern Kontakte zu kn\u00fcpfen, Ideen auszutauschen und Beziehungen aufzubauen.<\/li>\n<\/ul>\n\n\n\n<p><strong>Unser Engagement<\/strong> Bei Konnect International sind wir der Transparenz, Integrit\u00e4t und Ergebnisorientierung verpflichtet. Wir messen unseren Erfolg am Erfolg unserer Kunden und Partner. Ihre Ziele werden zu unseren Zielen und wir arbeiten unerm\u00fcdlich daran, Ihnen dabei zu helfen, diese zu erreichen.<\/p>\n\n\n\n<p>Begleiten Sie uns auf unserer Reise, die Welt zu vernetzen, eine Partnerschaft nach der anderen. Gemeinsam k\u00f6nnen wir eine Zukunft endloser M\u00f6glichkeiten gestalten.<\/p>\n\n\n\n<p>Wenn Sie Fragen haben oder erfahren m\u00f6chten, wie wir Ihnen helfen k\u00f6nnen, nehmen Sie noch heute Kontakt mit uns auf.<\/p>","protected":false},"excerpt":{"rendered":"<p>At Konnect International, we are dedicated to bridging the gaps and building connections that matter. We are a dynamic and &#8230; <\/p>\n<p class=\"read-more-container\"><a title=\"\u00dcber uns\" class=\"read-more button\" href=\"https:\/\/www.konnectinternational.com\/de\/uber-uns\/#more-34\" aria-label=\"Mehr Informationen \u00fcber About Us\">Ganzer Artikel<\/a><\/p>","protected":false},"author":1,"featured_media":0,"parent":0,"menu_order":0,"comment_status":"closed","ping_status":"closed","template":"","meta":{"footnotes":""},"class_list":["post-34","page","type-page","status-publish"],"_links":{"self":[{"href":"https:\/\/www.konnectinternational.com\/de\/wp-json\/wp\/v2\/pages\/34","targetHints":{"allow":["GET"]}}],"collection":[{"href":"https:\/\/www.konnectinternational.com\/de\/wp-json\/wp\/v2\/pages"}],"about":[{"href":"https:\/\/www.konnectinternational.com\/de\/wp-json\/wp\/v2\/types\/page"}],"author":[{"embeddable":true,"href":"https:\/\/www.konnectinternational.com\/de\/wp-json\/wp\/v2\/users\/1"}],"replies":[{"embeddable":true,"href":"https:\/\/www.konnectinternational.com\/de\/wp-json\/wp\/v2\/comments?post=34"}],"version-history":[{"count":3,"href":"https:\/\/www.konnectinternational.com\/de\/wp-json\/wp\/v2\/pages\/34\/revisions"}],"predecessor-version":[{"id":234,"href":"https:\/\/www.konnectinternational.com\/de\/wp-json\/wp\/v2\/pages\/34\/revisions\/234"}],"wp:attachment":[{"href":"https:\/\/www.konnectinternational.com\/de\/wp-json\/wp\/v2\/media?parent=34"}],"curies":[{"name":"wp","href":"https:\/\/api.w.org\/{rel}","templated":true}]}}