{"id":3,"date":"2024-01-11T07:38:28","date_gmt":"2024-01-11T07:38:28","guid":{"rendered":"https:\/\/www.konnectinternational.com\/?page_id=3"},"modified":"2024-01-23T14:19:47","modified_gmt":"2024-01-23T08:49:47","slug":"privacy-policy","status":"publish","type":"page","link":"https:\/\/www.konnectinternational.com\/de\/datenschutzrichtlinie\/","title":{"rendered":"Datenschutzrichtlinie"},"content":{"rendered":"<h2 class=\"wp-block-heading\">Datenschutzrichtlinie f\u00fcr Konnect International<\/h2>\n\n\n\n<p>Bei <strong>Konnect International<\/strong>, erreichbar \u00fcber <a href=\"https:\/\/www.konnectinternational.com\/de\/\">https:\/\/www.konnectinternational.com<\/a>, eine unserer Hauptpriorit\u00e4ten ist die Privatsph\u00e4re unserer Besucher. Dieses Datenschutzdokument enth\u00e4lt Arten von Informationen, die von Konnect International gesammelt und aufgezeichnet werden, und wie wir sie verwenden.<\/p>\n\n\n\n<p>Wenn Sie weitere Fragen haben oder weitere Informationen zu unserer Datenschutzrichtlinie ben\u00f6tigen, z\u00f6gern Sie nicht, uns zu kontaktieren.<\/p>\n\n\n\n<p>Diese Datenschutzrichtlinie gilt nur f\u00fcr unsere Online-Aktivit\u00e4ten und gilt f\u00fcr Besucher unserer Website hinsichtlich der Informationen, die sie in Konnect International teilen und\/oder sammeln. Diese Richtlinie gilt nicht f\u00fcr Informationen, die offline oder \u00fcber andere Kan\u00e4le als diese Website gesammelt werden.<\/p>\n\n\n\n<h2 class=\"wp-block-heading\">Zustimmung<\/h2>\n\n\n\n<p>Indem Sie unsere Website nutzen, erkl\u00e4ren Sie sich mit unserer Datenschutzrichtlinie einverstanden und akzeptieren deren Bedingungen.<\/p>\n\n\n\n<h2 class=\"wp-block-heading\">Von uns erfasste Informationen<\/h2>\n\n\n\n<p>Die pers\u00f6nlichen Daten, um deren Angabe Sie gebeten werden, und die Gr\u00fcnde daf\u00fcr, werden Ihnen zum Zeitpunkt der Aufforderung zur Angabe Ihrer pers\u00f6nlichen Daten deutlich gemacht.<\/p>\n\n\n\n<p>Wenn Sie uns direkt kontaktieren, erhalten wir m\u00f6glicherweise zus\u00e4tzliche Informationen \u00fcber Sie, beispielsweise Ihren Namen, Ihre E-Mail-Adresse, Ihre Telefonnummer, den Inhalt der Nachricht und\/oder Anh\u00e4nge, die Sie uns senden, sowie alle anderen Informationen, die Sie uns zur Verf\u00fcgung stellen.<\/p>\n\n\n\n<p>Wenn Sie sich f\u00fcr ein Konto registrieren, fragen wir Sie m\u00f6glicherweise nach Ihren Kontaktinformationen, darunter Name, Firmenname, Adresse, E-Mail-Adresse und Telefonnummer.<\/p>\n\n\n\n<h2 class=\"wp-block-heading\">So verwenden wir Ihre Daten<\/h2>\n\n\n\n<p>Wir verwenden die von uns gesammelten Informationen auf verschiedene Weise, unter anderem:<\/p>\n\n\n\n<ul class=\"wp-block-list\">\n<li>Bereitstellung, Betrieb und Wartung unserer Website<\/li>\n\n\n\n<li>Verbesserung, Personalisierung und Erweiterung unserer Website<\/li>\n\n\n\n<li>Verstehen und Analysieren, wie Sie unsere Website nutzen<\/li>\n\n\n\n<li>Entwickeln Sie neue Produkte, Dienste, Features und Funktionen<\/li>\n\n\n\n<li>Kommunizieren Sie mit Ihnen, entweder direkt oder \u00fcber einen unserer Partner, auch f\u00fcr den Kundendienst, um Ihnen Updates und andere Informationen in Bezug auf die Website bereitzustellen sowie f\u00fcr Marketing- und Werbezwecke<\/li>\n\n\n\n<li>Senden Sie E-Mails<\/li>\n\n\n\n<li>Betrug erkennen und verhindern<\/li>\n<\/ul>\n\n\n\n<h2 class=\"wp-block-heading\">Protokolldateien<\/h2>\n\n\n\n<p>Konnect International verwendet standardm\u00e4\u00dfig Protokolldateien. Diese Dateien protokollieren Besucher, wenn sie Websites besuchen. Alle Hosting-Unternehmen tun dies und sind Teil der Analyse der Hosting-Dienste. Zu den von Protokolldateien gesammelten Informationen geh\u00f6ren Internetprotokolladressen (IP-Adressen), Browsertyp, Internetdienstanbieter (ISP), Datums- und Zeitstempel, Verweis-\/Ausstiegsseiten und m\u00f6glicherweise die Anzahl der Klicks. Diese sind nicht mit personenbezogenen Daten verkn\u00fcpft. Der Zweck der Informationen besteht darin, Trends zu analysieren, die Website zu verwalten, die Bewegungen der Benutzer auf der Website zu verfolgen und demografische Informationen zu sammeln.<\/p>\n\n\n\n<h2 class=\"wp-block-heading\">Cookies und Web Beacons<\/h2>\n\n\n\n<p>Wie jede andere Website verwendet Konnect International \u201eCookies\u201c. Diese Cookies werden verwendet, um Informationen zu speichern, darunter die Pr\u00e4ferenzen der Besucher und die Seiten auf der Website, auf die der Besucher zugegriffen oder die er besucht hat. Die Informationen werden verwendet, um das Benutzererlebnis zu optimieren, indem der Inhalt unserer Webseite basierend auf dem Browsertyp des Besuchers und\/oder anderen Informationen angepasst wird.<\/p>\n\n\n\n<h2 class=\"wp-block-heading\">Google DoubleClick DART-Cookie<\/h2>\n\n\n\n<p>Google ist einer der Drittanbieter auf unserer Website. Google verwendet auch Cookies, sogenannte DART-Cookies, um den Besuchern unserer Website Anzeigen basierend auf ihrem Besuch auf www.website.com und anderen Websites im Internet zu pr\u00e4sentieren. Besucher k\u00f6nnen die Verwendung von DART-Cookies jedoch ablehnen, indem sie die Datenschutzrichtlinie des Google-Anzeigen- und Content-Netzwerks unter der folgenden URL aufrufen:&nbsp;<a href=\"https:\/\/policies.google.com\/technologies\/ads\" target=\"_blank\" rel=\"noreferrer noopener\">https:\/\/policies.google.com\/technologies\/ads<\/a><\/p>\n\n\n\n<h2 class=\"wp-block-heading\">Unsere Werbepartner<\/h2>\n\n\n\n<p>Einige der Werbetreibenden auf unserer Website verwenden m\u00f6glicherweise Cookies und Web Beacons. Unsere Werbepartner sind unten aufgef\u00fchrt. Jeder unserer Werbepartner verf\u00fcgt \u00fcber seine eigene Datenschutzrichtlinie f\u00fcr seine Richtlinien zum Umgang mit Benutzerdaten. F\u00fcr einen einfacheren Zugriff haben wir unten einen Hyperlink zu ihren Datenschutzrichtlinien eingef\u00fcgt.<\/p>\n\n\n\n<ul class=\"wp-block-list\">\n<li>Google&nbsp;<a href=\"https:\/\/policies.google.com\/technologies\/ads\" target=\"_blank\" rel=\"noreferrer noopener\">https:\/\/policies.google.com\/technologies\/ads<\/a><\/li>\n<\/ul>\n\n\n\n<h2 class=\"wp-block-heading\">Datenschutzrichtlinien der Werbepartner<\/h2>\n\n\n\n<p>In dieser Liste finden Sie die Datenschutzrichtlinien aller Werbepartner von Konnect International.<\/p>\n\n\n\n<p>Werbeserver oder Werbenetzwerke von Drittanbietern verwenden Technologien wie Cookies, JavaScript oder Web Beacons, die in ihren jeweiligen Anzeigen und Links verwendet werden, die auf Konnect International erscheinen und direkt an den Browser der Benutzer gesendet werden. In diesem Fall erhalten sie automatisch Ihre IP-Adresse. Diese Technologien werden verwendet, um die Wirksamkeit ihrer Werbekampagnen zu messen und\/oder den Werbeinhalt zu personalisieren, den Sie auf den von Ihnen besuchten Websites sehen.<\/p>\n\n\n\n<p>Beachten Sie, dass Konnect International keinen Zugriff auf diese Cookies hat, die von Drittanbietern verwendet werden, und diese auch nicht kontrolliert.<\/p>\n\n\n\n<h2 class=\"wp-block-heading\">Datenschutzrichtlinien von Drittanbietern<\/h2>\n\n\n\n<p>Die Datenschutzrichtlinie von Konnect International gilt nicht f\u00fcr andere Werbetreibende oder Websites. Daher empfehlen wir Ihnen, die jeweiligen Datenschutzrichtlinien dieser Drittanbieter-Werbeserver zu konsultieren, um detailliertere Informationen zu erhalten. Sie k\u00f6nnen ihre Vorgehensweisen und Anweisungen zum Deaktivieren bestimmter Optionen enthalten.<\/p>\n\n\n\n<p>Sie k\u00f6nnen Cookies in Ihren Browsereinstellungen deaktivieren. N\u00e4here Informationen zur Cookie-Verwaltung in bestimmten Webbrowsern finden Sie auf den jeweiligen Browser-Websites.<\/p>\n\n\n\n<h2 class=\"wp-block-heading\">CCPA-Datenschutzrechte (Meine pers\u00f6nlichen Daten nicht verkaufen)<\/h2>\n\n\n\n<p>Im Rahmen des CCPA haben Verbraucher in Kalifornien unter anderem folgende Rechte:<\/p>\n\n\n\n<p>Fordern Sie von einem Unternehmen, das personenbezogene Daten eines Verbrauchers erhebt, die Angabe der Kategorien und spezifischen Teile der personenbezogenen Daten, die das Unternehmen \u00fcber Verbraucher gesammelt hat.<\/p>\n\n\n\n<p>Fordern Sie ein Unternehmen auf, alle personenbezogenen Daten \u00fcber den Verbraucher zu l\u00f6schen, die das Unternehmen gesammelt hat.<\/p>\n\n\n\n<p>Fordern Sie von einem Unternehmen, das personenbezogene Daten eines Verbrauchers verkauft, dass es die personenbezogenen Daten des Verbrauchers nicht verkauft.<\/p>\n\n\n\n<p>Wenn Sie eine Anfrage stellen, m\u00fcssen wir Ihnen innerhalb eines Monats antworten. Wenn Sie eines dieser Rechte aus\u00fcben m\u00f6chten, nehmen Sie bitte Kontakt mit uns auf.<\/p>\n\n\n\n<h2 class=\"wp-block-heading\">Datenschutzrechte der DSGVO<\/h2>\n\n\n\n<p>Wir m\u00f6chten sicherstellen, dass Sie \u00fcber alle Ihre Datenschutzrechte informiert sind. Jeder Benutzer hat Anspruch auf Folgendes:<\/p>\n\n\n\n<p>Das Recht auf Zugriff \u2013 Sie haben das Recht, Kopien Ihrer pers\u00f6nlichen Daten anzufordern. F\u00fcr diesen Service erheben wir m\u00f6glicherweise eine geringe Geb\u00fchr.<\/p>\n\n\n\n<p>Das Recht auf Berichtigung \u2013 Sie haben das Recht, von uns die Berichtigung von Informationen zu verlangen, die Ihrer Meinung nach unrichtig sind. Sie haben auch das Recht zu verlangen, dass wir die Informationen vervollst\u00e4ndigen, die Ihrer Meinung nach unvollst\u00e4ndig sind.<\/p>\n\n\n\n<p>Das Recht auf L\u00f6schung \u2013 Sie haben das Recht, unter bestimmten Bedingungen die L\u00f6schung Ihrer personenbezogenen Daten zu verlangen.<\/p>\n\n\n\n<p>Das Recht auf Einschr\u00e4nkung der Verarbeitung \u2013 Sie haben das Recht, unter bestimmten Bedingungen zu verlangen, dass wir die Verarbeitung Ihrer personenbezogenen Daten einschr\u00e4nken.<\/p>\n\n\n\n<p>Das Widerspruchsrecht \u2013 Sie haben unter bestimmten Bedingungen das Recht, unserer Verarbeitung Ihrer personenbezogenen Daten zu widersprechen.<\/p>\n\n\n\n<p>Das Recht auf Daten\u00fcbertragbarkeit \u2013 Sie haben das Recht, unter bestimmten Bedingungen zu verlangen, dass wir die von uns erhobenen Daten an eine andere Organisation oder direkt an Sie \u00fcbertragen.<\/p>\n\n\n\n<p>Wenn Sie eine Anfrage stellen, m\u00fcssen wir Ihnen innerhalb eines Monats antworten. Wenn Sie eines dieser Rechte aus\u00fcben m\u00f6chten, nehmen Sie bitte Kontakt mit uns auf.<\/p>\n\n\n\n<h2 class=\"wp-block-heading\">Informationen f\u00fcr Kinder<\/h2>\n\n\n\n<p>Ein weiterer Schwerpunkt unserer Arbeit ist der Schutz von Kindern bei der Nutzung des Internets. Wir ermutigen Eltern und Erziehungsberechtigte, ihre Online-Aktivit\u00e4ten zu beobachten, daran teilzunehmen und\/oder zu \u00fcberwachen und anzuleiten.<\/p>\n\n\n\n<p>Konnect International erfasst wissentlich keine personenbezogenen Daten von Kindern unter 13 Jahren. Wenn Sie glauben, dass Ihr Kind derartige Informationen auf unserer Website bereitgestellt hat, empfehlen wir Ihnen dringend, sich umgehend mit uns in Verbindung zu setzen. Wir werden unser Bestes tun, um derartige Informationen umgehend aus unseren Aufzeichnungen zu entfernen.<\/p>\n\n\n\n<h2 class=\"wp-block-heading\">\u00c4nderungen dieser Datenschutzrichtlinie<\/h2>\n\n\n\n<p>Wir k\u00f6nnen unsere Datenschutzrichtlinie von Zeit zu Zeit aktualisieren. Daher empfehlen wir Ihnen, diese Seite regelm\u00e4\u00dfig auf \u00c4nderungen zu \u00fcberpr\u00fcfen. Wir werden Sie \u00fcber alle \u00c4nderungen informieren, indem wir die neue Datenschutzrichtlinie auf dieser Seite ver\u00f6ffentlichen. Diese \u00c4nderungen werden sofort wirksam, nachdem sie auf dieser Seite ver\u00f6ffentlicht wurden.<\/p>\n\n\n\n<h2 class=\"wp-block-heading\">Kontaktieren Sie uns<\/h2>\n\n\n\n<p>Wenn Sie Fragen oder Anregungen zu unserer Datenschutzrichtlinie haben, z\u00f6gern Sie nicht, <a href=\"https:\/\/www.konnectinternational.com\/de\/kontaktieren-sie-uns\/\">kontaktiere uns<\/a>.<\/p>","protected":false},"excerpt":{"rendered":"<p>Privacy Policy for Konnect International At Konnect International, accessible from https:\/\/www.konnectinternational.com, one of our main priorities is the privacy of &#8230; <\/p>\n<p class=\"read-more-container\"><a title=\"Datenschutzrichtlinie\" class=\"read-more button\" href=\"https:\/\/www.konnectinternational.com\/de\/datenschutzrichtlinie\/#more-3\" aria-label=\"Mehr Informationen \u00fcber Privacy Policy\">Ganzer Artikel<\/a><\/p>","protected":false},"author":1,"featured_media":0,"parent":0,"menu_order":0,"comment_status":"closed","ping_status":"open","template":"","meta":{"footnotes":""},"class_list":["post-3","page","type-page","status-publish"],"_links":{"self":[{"href":"https:\/\/www.konnectinternational.com\/de\/wp-json\/wp\/v2\/pages\/3","targetHints":{"allow":["GET"]}}],"collection":[{"href":"https:\/\/www.konnectinternational.com\/de\/wp-json\/wp\/v2\/pages"}],"about":[{"href":"https:\/\/www.konnectinternational.com\/de\/wp-json\/wp\/v2\/types\/page"}],"author":[{"embeddable":true,"href":"https:\/\/www.konnectinternational.com\/de\/wp-json\/wp\/v2\/users\/1"}],"replies":[{"embeddable":true,"href":"https:\/\/www.konnectinternational.com\/de\/wp-json\/wp\/v2\/comments?post=3"}],"version-history":[{"count":7,"href":"https:\/\/www.konnectinternational.com\/de\/wp-json\/wp\/v2\/pages\/3\/revisions"}],"predecessor-version":[{"id":776,"href":"https:\/\/www.konnectinternational.com\/de\/wp-json\/wp\/v2\/pages\/3\/revisions\/776"}],"wp:attachment":[{"href":"https:\/\/www.konnectinternational.com\/de\/wp-json\/wp\/v2\/media?parent=3"}],"curies":[{"name":"wp","href":"https:\/\/api.w.org\/{rel}","templated":true}]}}